{"id":3,"date":"2025-08-03T14:52:28","date_gmt":"2025-08-03T14:52:28","guid":{"rendered":"http:\/\/lisle-en-commun.fr\/?page_id=3"},"modified":"2025-11-01T16:57:03","modified_gmt":"2025-11-01T14:57:03","slug":"politique-confidentialite","status":"publish","type":"page","link":"https:\/\/lisle-en-commun.fr\/index.php\/politique-confidentialite\/","title":{"rendered":"Politique de confidentialit\u00e9"},"content":{"rendered":"\n<div class=\"wp-block-group\"><div class=\"wp-block-group__inner-container is-layout-constrained wp-block-group-is-layout-constrained\">\n<div class=\"wp-block-columns container is-layout-flex wp-container-core-columns-is-layout-9d6595d7 wp-block-columns-is-layout-flex\">\n<div class=\"wp-block-column is-layout-flow wp-block-column-is-layout-flow\" style=\"flex-basis:100%\">\n<h3 class=\"wp-block-heading\">Qui sommes-nous<\/h3>\n\n\n\n<p>L&rsquo;adresse de notre site est : http:\/\/lisle-en-commun.fr.<\/p>\n\n\n\n<h3 class=\"wp-block-heading\">Cookies<\/h3>\n\n\n\n<p>Si vous d\u00e9posez un commentaire sur notre site, il vous sera propos\u00e9 d\u2019enregistrer votre nom, adresse e-mail et site dans des cookies. C\u2019est uniquement pour votre confort afin de ne pas avoir \u00e0 saisir ces informations si vous d\u00e9posez un autre commentaire plus tard. Ces cookies expirent au bout d\u2019un an.<\/p>\n\n\n\n<p>Si vous vous rendez sur la page de connexion, un cookie temporaire sera cr\u00e9\u00e9 afin de d\u00e9terminer si votre navigateur accepte les cookies. Il ne contient pas de donn\u00e9es personnelles et sera supprim\u00e9 automatiquement \u00e0 la fermeture de votre navigateur.<\/p>\n\n\n\n<p>Lorsque vous vous connecterez, nous mettrons en place un certain nombre de cookies pour enregistrer vos informations de connexion et vos pr\u00e9f\u00e9rences d\u2019\u00e9cran. La dur\u00e9e de vie d\u2019un cookie de connexion est de deux jours, celle d\u2019un cookie d\u2019option d\u2019\u00e9cran est d\u2019un an. Si vous cochez \u00ab&nbsp;Se souvenir de moi&nbsp;\u00bb, votre cookie de connexion sera conserv\u00e9 pendant deux semaines. Si vous vous d\u00e9connectez de votre compte, le cookie de connexion sera effac\u00e9.<\/p>\n\n\n\n<p>En modifiant ou en publiant une publication, un cookie suppl\u00e9mentaire sera enregistr\u00e9 dans votre navigateur. Ce cookie ne comprend aucune donn\u00e9e personnelle. Il indique simplement l\u2019ID de la publication que vous venez de modifier. Il expire au bout d\u2019un jour.<\/p>\n\n\n\n<h3 class=\"wp-block-heading\">Contenu embarqu\u00e9 depuis d\u2019autres sites<\/h3>\n\n\n\n<p>Les articles de ce site peuvent inclure des contenus int\u00e9gr\u00e9s (par exemple des vid\u00e9os, images, articles\u2026). Le contenu int\u00e9gr\u00e9 depuis d\u2019autres sites se comporte de la m\u00eame mani\u00e8re que si le visiteur se rendait sur cet autre site.<\/p>\n\n\n\n<p>Ces sites web pourraient collecter des donn\u00e9es sur vous, utiliser des cookies, embarquer des outils de suivis tiers, suivre vos interactions avec ces contenus embarqu\u00e9s si vous disposez d\u2019un compte connect\u00e9 sur leur site web.<\/p>\n\n\n\n<h3 class=\"wp-block-heading\">Newsletter<\/h3>\n\n\n\n<p>En vous inscrivant \u00e0 la newsletter, vous acceptez que votre adresse e-mail soit conserv\u00e9e dans le service de newsletter de notre site et que nous vous envoyons des messages contenant des informations relatives \u00e0 notre site.<\/p>\n\n\n\n<p>Votre adresse e-mail ne sera pas utilis\u00e9e pour d&rsquo;autres applications que d\u00e9crites ci-dessus.<\/p>\n\n\n\n<p>\u00c0 tout moment, vous pouvez demander \u00e0 supprimer votre adresse e-mail du service de newsletter.  Vous ne recevrez plus notre newsletter et votre adresse e-mail sera totalement retir\u00e9e de notre site. Pour ce faire, veuillez \u00e9crire \u00e0 info@lisle-en-commun.fr ou utilisez le lien d\u00e9di\u00e9 en fin de message envoy\u00e9 par notre service de newsletter.<\/p>\n\n\n\n<h3 class=\"wp-block-heading\">Utilisation et transmission de vos donn\u00e9es personnelles<\/h3>\n\n\n\n<p>Si vous demandez une r\u00e9initialisation de votre mot de passe, votre adresse IP sera incluse dans l\u2019e-mail de r\u00e9initialisation.<\/p>\n\n\n\n<h3 class=\"wp-block-heading\">Dur\u00e9es de stockage de vos donn\u00e9es<\/h3>\n\n\n\n<p>Si vous laissez un commentaire, le commentaire et ses m\u00e9tadonn\u00e9es sont conserv\u00e9s ind\u00e9finiment. Cela permet de reconna\u00eetre et approuver automatiquement les commentaires suivants au lieu de les laisser dans la file de mod\u00e9ration.<\/p>\n\n\n\n<p>Pour les comptes qui s\u2019inscrivent sur notre site (le cas \u00e9ch\u00e9ant), nous stockons \u00e9galement les donn\u00e9es personnelles indiqu\u00e9es dans leur profil. Tous les comptes peuvent voir, modifier ou supprimer leurs informations personnelles \u00e0 tout moment (\u00e0 l\u2019exception de leur identifiant). Les gestionnaires du site peuvent aussi voir et modifier ces informations.<\/p>\n\n\n\n<h3 class=\"wp-block-heading\">Les droits que vous avez sur vos donn\u00e9es<\/h3>\n\n\n\n<p>Si vous avez un compte ou si vous avez laiss\u00e9 des commentaires sur le site, vous pouvez demander \u00e0 recevoir un fichier contenant toutes les donn\u00e9es personnelles que nous poss\u00e9dons \u00e0 votre sujet, incluant celles que vous nous avez fournies. Vous pouvez \u00e9galement demander la suppression des donn\u00e9es personnelles vous concernant. Cela ne prend pas en compte les donn\u00e9es stock\u00e9es \u00e0 des fins administratives, l\u00e9gales ou pour des raisons de s\u00e9curit\u00e9.<\/p>\n\n\n\n<h3 class=\"wp-block-heading\">O\u00f9 vos donn\u00e9es sont envoy\u00e9es<\/h3>\n\n\n\n<p>Les commentaires des visiteurs peuvent \u00eatre v\u00e9rifi\u00e9s \u00e0 l\u2019aide d\u2019un service automatis\u00e9 de d\u00e9tection des commentaires ind\u00e9sirables.<\/p>\n<\/div>\n<\/div>\n<\/div><\/div>\n","protected":false},"excerpt":{"rendered":"<p>Qui sommes-nous L&rsquo;adresse de notre site est : http:\/\/lisle-en-commun.fr. Cookies Si vous d\u00e9posez un commentaire sur notre site, il vous sera propos\u00e9 d\u2019enregistrer votre nom, adresse e-mail et site dans des cookies. C\u2019est uniquement pour votre confort afin de ne pas avoir \u00e0 saisir ces informations si vous d\u00e9posez un autre commentaire plus tard. Ces [&#8230;]<\/p>\n<p><a class=\"btn btn-secondary understrap-read-more-link\" href=\"https:\/\/lisle-en-commun.fr\/index.php\/politique-confidentialite\/\">Lire la suite\u2026<span class=\"screen-reader-text\"> from Politique de confidentialit\u00e9<\/span><\/a><\/p>\n","protected":false},"author":1,"featured_media":0,"parent":0,"menu_order":0,"comment_status":"closed","ping_status":"open","template":"","meta":{"footnotes":""},"class_list":["post-3","page","type-page","status-publish","hentry"],"yoast_head":"<!-- This site is optimized with the Yoast SEO plugin v26.7 - https:\/\/yoast.com\/wordpress\/plugins\/seo\/ -->\n<title>Politique de confidentialit\u00e9 - Lisle en Commun<\/title>\n<meta name=\"robots\" content=\"index, follow, max-snippet:-1, max-image-preview:large, max-video-preview:-1\" \/>\n<link rel=\"canonical\" href=\"https:\/\/lisle-en-commun.fr\/index.php\/politique-confidentialite\/\" \/>\n<meta property=\"og:locale\" content=\"fr_FR\" \/>\n<meta property=\"og:type\" content=\"article\" \/>\n<meta property=\"og:title\" content=\"Politique de confidentialit\u00e9 - Lisle en Commun\" \/>\n<meta property=\"og:description\" content=\"Qui sommes-nous L&rsquo;adresse de notre site est : http:\/\/lisle-en-commun.fr. Cookies Si vous d\u00e9posez un commentaire sur notre site, il vous sera propos\u00e9 d\u2019enregistrer votre nom, adresse e-mail et site dans des cookies. C\u2019est uniquement pour votre confort afin de ne pas avoir \u00e0 saisir ces informations si vous d\u00e9posez un autre commentaire plus tard. Ces [...]Lire la suite\u2026 from Politique de confidentialit\u00e9\" \/>\n<meta property=\"og:url\" content=\"https:\/\/lisle-en-commun.fr\/index.php\/politique-confidentialite\/\" \/>\n<meta property=\"og:site_name\" content=\"Lisle en Commun\" \/>\n<meta property=\"article:modified_time\" content=\"2025-11-01T14:57:03+00:00\" \/>\n<meta name=\"twitter:card\" content=\"summary_large_image\" \/>\n<meta name=\"twitter:label1\" content=\"Dur\u00e9e de lecture estim\u00e9e\" \/>\n\t<meta name=\"twitter:data1\" content=\"4 minutes\" \/>\n<script type=\"application\/ld+json\" class=\"yoast-schema-graph\">{\"@context\":\"https:\/\/schema.org\",\"@graph\":[{\"@type\":\"WebPage\",\"@id\":\"https:\/\/lisle-en-commun.fr\/index.php\/politique-confidentialite\/\",\"url\":\"https:\/\/lisle-en-commun.fr\/index.php\/politique-confidentialite\/\",\"name\":\"Politique de confidentialit\u00e9 - Lisle en Commun\",\"isPartOf\":{\"@id\":\"https:\/\/lisle-en-commun.fr\/#website\"},\"datePublished\":\"2025-08-03T14:52:28+00:00\",\"dateModified\":\"2025-11-01T14:57:03+00:00\",\"breadcrumb\":{\"@id\":\"https:\/\/lisle-en-commun.fr\/index.php\/politique-confidentialite\/#breadcrumb\"},\"inLanguage\":\"fr-FR\",\"potentialAction\":[{\"@type\":\"ReadAction\",\"target\":[\"https:\/\/lisle-en-commun.fr\/index.php\/politique-confidentialite\/\"]}]},{\"@type\":\"BreadcrumbList\",\"@id\":\"https:\/\/lisle-en-commun.fr\/index.php\/politique-confidentialite\/#breadcrumb\",\"itemListElement\":[{\"@type\":\"ListItem\",\"position\":1,\"name\":\"Home\",\"item\":\"https:\/\/lisle-en-commun.fr\/\"},{\"@type\":\"ListItem\",\"position\":2,\"name\":\"Politique de confidentialit\u00e9\"}]},{\"@type\":\"WebSite\",\"@id\":\"https:\/\/lisle-en-commun.fr\/#website\",\"url\":\"https:\/\/lisle-en-commun.fr\/\",\"name\":\"Lisle en Commun\",\"description\":\"\",\"publisher\":{\"@id\":\"https:\/\/lisle-en-commun.fr\/#organization\"},\"potentialAction\":[{\"@type\":\"SearchAction\",\"target\":{\"@type\":\"EntryPoint\",\"urlTemplate\":\"https:\/\/lisle-en-commun.fr\/?s={search_term_string}\"},\"query-input\":{\"@type\":\"PropertyValueSpecification\",\"valueRequired\":true,\"valueName\":\"search_term_string\"}}],\"inLanguage\":\"fr-FR\"},{\"@type\":\"Organization\",\"@id\":\"https:\/\/lisle-en-commun.fr\/#organization\",\"name\":\"Lisle en Commun\",\"url\":\"https:\/\/lisle-en-commun.fr\/\",\"logo\":{\"@type\":\"ImageObject\",\"inLanguage\":\"fr-FR\",\"@id\":\"https:\/\/lisle-en-commun.fr\/#\/schema\/logo\/image\/\",\"url\":\"https:\/\/lisle-en-commun.fr\/wp-content\/uploads\/2025\/09\/logo-lisle-en-commun-1.png\",\"contentUrl\":\"https:\/\/lisle-en-commun.fr\/wp-content\/uploads\/2025\/09\/logo-lisle-en-commun-1.png\",\"width\":800,\"height\":800,\"caption\":\"Lisle en Commun\"},\"image\":{\"@id\":\"https:\/\/lisle-en-commun.fr\/#\/schema\/logo\/image\/\"},\"sameAs\":[\"https:\/\/www.instagram.com\/lisle_en_commun\/\"]}]}<\/script>\n<!-- \/ Yoast SEO plugin. -->","yoast_head_json":{"title":"Politique de confidentialit\u00e9 - Lisle en Commun","robots":{"index":"index","follow":"follow","max-snippet":"max-snippet:-1","max-image-preview":"max-image-preview:large","max-video-preview":"max-video-preview:-1"},"canonical":"https:\/\/lisle-en-commun.fr\/index.php\/politique-confidentialite\/","og_locale":"fr_FR","og_type":"article","og_title":"Politique de confidentialit\u00e9 - Lisle en Commun","og_description":"Qui sommes-nous L&rsquo;adresse de notre site est : http:\/\/lisle-en-commun.fr. Cookies Si vous d\u00e9posez un commentaire sur notre site, il vous sera propos\u00e9 d\u2019enregistrer votre nom, adresse e-mail et site dans des cookies. C\u2019est uniquement pour votre confort afin de ne pas avoir \u00e0 saisir ces informations si vous d\u00e9posez un autre commentaire plus tard. Ces [...]Lire la suite\u2026 from Politique de confidentialit\u00e9","og_url":"https:\/\/lisle-en-commun.fr\/index.php\/politique-confidentialite\/","og_site_name":"Lisle en Commun","article_modified_time":"2025-11-01T14:57:03+00:00","twitter_card":"summary_large_image","twitter_misc":{"Dur\u00e9e de lecture estim\u00e9e":"4 minutes"},"schema":{"@context":"https:\/\/schema.org","@graph":[{"@type":"WebPage","@id":"https:\/\/lisle-en-commun.fr\/index.php\/politique-confidentialite\/","url":"https:\/\/lisle-en-commun.fr\/index.php\/politique-confidentialite\/","name":"Politique de confidentialit\u00e9 - Lisle en Commun","isPartOf":{"@id":"https:\/\/lisle-en-commun.fr\/#website"},"datePublished":"2025-08-03T14:52:28+00:00","dateModified":"2025-11-01T14:57:03+00:00","breadcrumb":{"@id":"https:\/\/lisle-en-commun.fr\/index.php\/politique-confidentialite\/#breadcrumb"},"inLanguage":"fr-FR","potentialAction":[{"@type":"ReadAction","target":["https:\/\/lisle-en-commun.fr\/index.php\/politique-confidentialite\/"]}]},{"@type":"BreadcrumbList","@id":"https:\/\/lisle-en-commun.fr\/index.php\/politique-confidentialite\/#breadcrumb","itemListElement":[{"@type":"ListItem","position":1,"name":"Home","item":"https:\/\/lisle-en-commun.fr\/"},{"@type":"ListItem","position":2,"name":"Politique de confidentialit\u00e9"}]},{"@type":"WebSite","@id":"https:\/\/lisle-en-commun.fr\/#website","url":"https:\/\/lisle-en-commun.fr\/","name":"Lisle en Commun","description":"","publisher":{"@id":"https:\/\/lisle-en-commun.fr\/#organization"},"potentialAction":[{"@type":"SearchAction","target":{"@type":"EntryPoint","urlTemplate":"https:\/\/lisle-en-commun.fr\/?s={search_term_string}"},"query-input":{"@type":"PropertyValueSpecification","valueRequired":true,"valueName":"search_term_string"}}],"inLanguage":"fr-FR"},{"@type":"Organization","@id":"https:\/\/lisle-en-commun.fr\/#organization","name":"Lisle en Commun","url":"https:\/\/lisle-en-commun.fr\/","logo":{"@type":"ImageObject","inLanguage":"fr-FR","@id":"https:\/\/lisle-en-commun.fr\/#\/schema\/logo\/image\/","url":"https:\/\/lisle-en-commun.fr\/wp-content\/uploads\/2025\/09\/logo-lisle-en-commun-1.png","contentUrl":"https:\/\/lisle-en-commun.fr\/wp-content\/uploads\/2025\/09\/logo-lisle-en-commun-1.png","width":800,"height":800,"caption":"Lisle en Commun"},"image":{"@id":"https:\/\/lisle-en-commun.fr\/#\/schema\/logo\/image\/"},"sameAs":["https:\/\/www.instagram.com\/lisle_en_commun\/"]}]}},"_links":{"self":[{"href":"https:\/\/lisle-en-commun.fr\/index.php\/wp-json\/wp\/v2\/pages\/3","targetHints":{"allow":["GET"]}}],"collection":[{"href":"https:\/\/lisle-en-commun.fr\/index.php\/wp-json\/wp\/v2\/pages"}],"about":[{"href":"https:\/\/lisle-en-commun.fr\/index.php\/wp-json\/wp\/v2\/types\/page"}],"author":[{"embeddable":true,"href":"https:\/\/lisle-en-commun.fr\/index.php\/wp-json\/wp\/v2\/users\/1"}],"replies":[{"embeddable":true,"href":"https:\/\/lisle-en-commun.fr\/index.php\/wp-json\/wp\/v2\/comments?post=3"}],"version-history":[{"count":4,"href":"https:\/\/lisle-en-commun.fr\/index.php\/wp-json\/wp\/v2\/pages\/3\/revisions"}],"predecessor-version":[{"id":291,"href":"https:\/\/lisle-en-commun.fr\/index.php\/wp-json\/wp\/v2\/pages\/3\/revisions\/291"}],"wp:attachment":[{"href":"https:\/\/lisle-en-commun.fr\/index.php\/wp-json\/wp\/v2\/media?parent=3"}],"curies":[{"name":"wp","href":"https:\/\/api.w.org\/{rel}","templated":true}]}}