{"id":505,"date":"2026-01-30T12:44:38","date_gmt":"2026-01-30T10:44:38","guid":{"rendered":"https:\/\/lisle-en-commun.fr\/?page_id=505"},"modified":"2026-01-30T12:44:39","modified_gmt":"2026-01-30T10:44:39","slug":"dignite-a-lisle-sur-tarn","status":"publish","type":"page","link":"https:\/\/lisle-en-commun.fr\/index.php\/dignite-a-lisle-sur-tarn\/","title":{"rendered":"Dignit\u00e9 \u00e0 Lisle sur Tarn"},"content":{"rendered":"\n<div class=\"wp-block-group bg-rouge\"><div class=\"wp-block-group__inner-container is-layout-constrained wp-block-group-is-layout-constrained\">\n<div class=\"wp-block-columns container is-layout-flex wp-container-core-columns-is-layout-9d6595d7 wp-block-columns-is-layout-flex\">\n<div class=\"wp-block-column is-layout-flow wp-block-column-is-layout-flow\">\n<figure class=\"wp-block-image size-large\"><img loading=\"lazy\" decoding=\"async\" width=\"1024\" height=\"819\" src=\"https:\/\/lisle-en-commun.fr\/wp-content\/uploads\/2025\/12\/1000033628-1024x819.jpg\" alt=\"\" class=\"wp-image-417\" srcset=\"https:\/\/lisle-en-commun.fr\/wp-content\/uploads\/2025\/12\/1000033628-1024x819.jpg 1024w, https:\/\/lisle-en-commun.fr\/wp-content\/uploads\/2025\/12\/1000033628-300x240.jpg 300w, https:\/\/lisle-en-commun.fr\/wp-content\/uploads\/2025\/12\/1000033628-768x614.jpg 768w, https:\/\/lisle-en-commun.fr\/wp-content\/uploads\/2025\/12\/1000033628-1536x1229.jpg 1536w, https:\/\/lisle-en-commun.fr\/wp-content\/uploads\/2025\/12\/1000033628.jpg 1736w\" sizes=\"auto, (max-width: 1024px) 100vw, 1024px\" \/><\/figure>\n<\/div>\n\n\n\n<div class=\"wp-block-column texte-bulle is-layout-flow wp-block-column-is-layout-flow\">\n<p>Le 24 novembre dernier, <strong>plus de 80<\/strong> lislois\u22c5es ont assist\u00e9 \u00e0 la r\u00e9union publique organis\u00e9e par Lisle en Commun autour la th\u00e9matique Dignit\u00e9.<\/p>\n\n\n\n<p><strong>Que signifie vivre dignement \u00e0 Lisle-sur-Tarn, aujourd\u2019hui ?<\/strong><\/p>\n\n\n\n<p>Cette soir\u00e9e a marqu\u00e9 un temps fort de notre campagne, \u00e0 l&rsquo;image de ce que nous souhaitons pour la suite : une m\u00e9thode de travail fond\u00e9e sur la <strong>rencontre<\/strong>, l\u2019<strong>\u00e9coute active<\/strong> et la <strong>construction collective<\/strong>.<\/p>\n<\/div>\n<\/div>\n<\/div><\/div>\n\n\n\n<div class=\"wp-block-group\"><div class=\"wp-block-group__inner-container is-layout-constrained wp-block-group-is-layout-constrained\">\n<div class=\"wp-block-columns container is-layout-flex wp-container-core-columns-is-layout-9d6595d7 wp-block-columns-is-layout-flex\">\n<div class=\"wp-block-column is-layout-flow wp-block-column-is-layout-flow\">\n<h2 class=\"wp-block-heading bg-jaune h2m\">Principaux constats<\/h2>\n\n\n\n<div class=\"wp-block-group groupm\"><div class=\"wp-block-group__inner-container is-layout-constrained wp-block-group-is-layout-constrained\">\n<h3 class=\"wp-block-heading\">Un territoire riche mais fragment\u00e9<\/h3>\n\n\n\n<p>Les \u00e9changes ont r\u00e9v\u00e9l\u00e9 une <strong>grande richesse associative, humaine et citoyenne<\/strong> \u00e0 Lisle-sur-Tarn, tant dans le centre-bourg que dans les hameaux.<br>Cependant, cette richesse est aujourd\u2019hui :<\/p>\n\n\n\n<ul class=\"wp-block-list\">\n<li>peu visible,<\/li>\n\n\n\n<li>insuffisamment coordonn\u00e9e,<\/li>\n\n\n\n<li>parfois isol\u00e9e faute de soutien logistique et institutionnel.<\/li>\n<\/ul>\n\n\n\n<p>L\u2019enjeu majeur n\u2019est pas de tout r\u00e9inventer, mais de <strong>mieux relier, coordonner et faire conna\u00eetre<\/strong>.<\/p>\n<\/div><\/div>\n\n\n\n<div class=\"wp-block-group groupm\"><div class=\"wp-block-group__inner-container is-layout-constrained wp-block-group-is-layout-constrained\">\n<h3 class=\"wp-block-heading\">Une insuffisance de communication institutionnelle<\/h3>\n\n\n\n<p>Quel que soit le th\u00e8me abord\u00e9 (logement, parentalit\u00e9, solidarit\u00e9, jeunesse, hameaux), un constat revient de mani\u00e8re r\u00e9currente :<\/p>\n\n\n\n<ul class=\"wp-block-list\">\n<li>manque d\u2019informations claires, accessibles et r\u00e9guli\u00e8res ;<\/li>\n\n\n\n<li>dispositifs existants m\u00e9connus ;<\/li>\n\n\n\n<li>sentiment d\u2019\u00e9loignement entre la municipalit\u00e9 et les habitant\u00b7es.<\/li>\n<\/ul>\n\n\n\n<p>La communication est identifi\u00e9e comme un <strong>levier central de dignit\u00e9 d\u00e9mocratique<\/strong>.<\/p>\n<\/div><\/div>\n\n\n\n<div class=\"wp-block-group groupm\"><div class=\"wp-block-group__inner-container is-layout-constrained wp-block-group-is-layout-constrained\">\n<h3 class=\"wp-block-heading\">Le besoin de lieux ressources, non stigmatisants<\/h3>\n\n\n\n<p>Plusieurs tables convergent vers la n\u00e9cessit\u00e9 de :<\/p>\n\n\n\n<ul class=\"wp-block-list\">\n<li>lieux d\u2019accueil ouverts,<\/li>\n\n\n\n<li>espaces d\u2019\u00e9coute et d\u2019information,<\/li>\n\n\n\n<li>lieux de rencontre interg\u00e9n\u00e9rationnels,<\/li>\n\n\n\n<li>espaces polyvalents pouvant accueillir associations, permanences, \u00e9v\u00e9nements.<\/li>\n<\/ul>\n\n\n\n<p>Ces lieux doivent \u00eatre pens\u00e9s <strong>avec les habitant\u00b7es<\/strong>, \u00e0 partir des usages r\u00e9els, et non impos\u00e9s \u201cd\u2019en haut\u201d.<\/p>\n<\/div><\/div>\n\n\n\n<div class=\"wp-block-group groupm\"><div class=\"wp-block-group__inner-container is-layout-constrained wp-block-group-is-layout-constrained\">\n<h3 class=\"wp-block-heading\">Une forte attente de participation r\u00e9elle<\/h3>\n\n\n\n<p>Les participant\u00b7es expriment un d\u00e9sir clair :<\/p>\n\n\n\n<ul class=\"wp-block-list\">\n<li>\u00eatre associ\u00e9\u00b7es en amont des projets,<\/li>\n\n\n\n<li>comprendre qui d\u00e9cide et comment,<\/li>\n\n\n\n<li>participer concr\u00e8tement (jeunesse, parentalit\u00e9, hameaux, projets urbains).<\/li>\n<\/ul>\n\n\n\n<p>La participation ne doit pas \u00eatre une vitrine, mais un <strong>outil de d\u00e9cision et de transformation<\/strong>.<\/p>\n<\/div><\/div>\n\n\n\n<h2 class=\"wp-block-heading bg-jaune h2m\">Les 8 th\u00e9matiques<\/h2>\n\n\n\n<div class=\"wp-block-group groupm\"><div class=\"wp-block-group__inner-container is-layout-constrained wp-block-group-is-layout-constrained\">\n<h3 class=\"wp-block-heading\">Accueil, int\u00e9gration et isolement<\/h3>\n\n\n\n<div class=\"wp-block-buttons is-layout-flex wp-block-buttons-is-layout-flex\">\n<div class=\"wp-block-button\"><a class=\"wp-block-button__link wp-element-button\" href=\"https:\/\/drive.proton.me\/urls\/41ZH84W2FR#M1G64Fuh08Bf\" target=\"_blank\" rel=\"noreferrer noopener\">T\u00e9l\u00e9charger le compte-rendu<\/a><\/div>\n<\/div>\n<\/div><\/div>\n\n\n\n<div class=\"wp-block-group groupm\"><div class=\"wp-block-group__inner-container is-layout-constrained wp-block-group-is-layout-constrained\">\n<h3 class=\"wp-block-heading\">Accompagnement social des personnes en difficult\u00e9<\/h3>\n\n\n\n<div class=\"wp-block-buttons is-layout-flex wp-block-buttons-is-layout-flex\">\n<div class=\"wp-block-button\"><a class=\"wp-block-button__link wp-element-button\" href=\"https:\/\/drive.proton.me\/urls\/1RE30FDZRW#7ZXNKbmg8TPh\" target=\"_blank\" rel=\"noreferrer noopener\">T\u00e9l\u00e9charger le compte-rendu<\/a><\/div>\n<\/div>\n<\/div><\/div>\n\n\n\n<div class=\"wp-block-group groupm\"><div class=\"wp-block-group__inner-container is-layout-constrained wp-block-group-is-layout-constrained\">\n<h3 class=\"wp-block-heading\">Soutien \u00e0 la parentalit\u00e9<\/h3>\n\n\n\n<div class=\"wp-block-buttons is-layout-flex wp-block-buttons-is-layout-flex\">\n<div class=\"wp-block-button\"><a class=\"wp-block-button__link wp-element-button\" href=\"https:\/\/drive.proton.me\/urls\/EVJWTRQB3W#Nsm3YgSl8LJT\" target=\"_blank\" rel=\"noreferrer noopener\">T\u00e9l\u00e9charger le compte-rendu<\/a><\/div>\n<\/div>\n<\/div><\/div>\n\n\n\n<div class=\"wp-block-group groupm\"><div class=\"wp-block-group__inner-container is-layout-constrained wp-block-group-is-layout-constrained\">\n<h3 class=\"wp-block-heading\">Logement &#8211; cadre de vie<\/h3>\n\n\n\n<div class=\"wp-block-buttons is-layout-flex wp-block-buttons-is-layout-flex\">\n<div class=\"wp-block-button\"><a class=\"wp-block-button__link wp-element-button\" href=\"https:\/\/drive.proton.me\/urls\/CS7G02DWRR#ye1BaZzFMSJo\" target=\"_blank\" rel=\"noreferrer noopener\">T\u00e9l\u00e9charger le compte-rendu<\/a><\/div>\n<\/div>\n<\/div><\/div>\n\n\n\n<div class=\"wp-block-group groupm\"><div class=\"wp-block-group__inner-container is-layout-constrained wp-block-group-is-layout-constrained\">\n<h3 class=\"wp-block-heading\">Liens dans les hameaux<\/h3>\n\n\n\n<div class=\"wp-block-buttons is-layout-flex wp-block-buttons-is-layout-flex\">\n<div class=\"wp-block-button\"><a class=\"wp-block-button__link wp-element-button\" href=\"https:\/\/drive.proton.me\/urls\/0NZ7CCJQVM#LIR8ImE6hw9V\" target=\"_blank\" rel=\"noreferrer noopener\">T\u00e9l\u00e9charger le compte-rendu<\/a><\/div>\n<\/div>\n<\/div><\/div>\n\n\n\n<div class=\"wp-block-group groupm\"><div class=\"wp-block-group__inner-container is-layout-constrained wp-block-group-is-layout-constrained\">\n<h3 class=\"wp-block-heading\">Bien vieillir \u00e0 Lisle-sur-Tarn<\/h3>\n\n\n\n<div class=\"wp-block-buttons is-layout-flex wp-block-buttons-is-layout-flex\">\n<div class=\"wp-block-button\"><a class=\"wp-block-button__link wp-element-button\" href=\"https:\/\/drive.proton.me\/urls\/WFTDYFE82C#nMT948rDAxjT\" target=\"_blank\" rel=\"noreferrer noopener\">T\u00e9l\u00e9charger le compte-rendu<\/a><\/div>\n<\/div>\n<\/div><\/div>\n\n\n\n<div class=\"wp-block-group groupm\"><div class=\"wp-block-group__inner-container is-layout-constrained wp-block-group-is-layout-constrained\">\n<h3 class=\"wp-block-heading\">Les services publics<\/h3>\n\n\n\n<div class=\"wp-block-buttons is-layout-flex wp-block-buttons-is-layout-flex\">\n<div class=\"wp-block-button\"><a class=\"wp-block-button__link wp-element-button\" href=\"https:\/\/drive.proton.me\/urls\/AFY88P2C44#ldj16yfYNa19\" target=\"_blank\" rel=\"noreferrer noopener\">T\u00e9l\u00e9charger le compte-rendu<\/a><\/div>\n<\/div>\n<\/div><\/div>\n\n\n\n<div class=\"wp-block-group groupm\"><div class=\"wp-block-group__inner-container is-layout-constrained wp-block-group-is-layout-constrained\">\n<h3 class=\"wp-block-heading\"> Lieux de convivialit\u00e9<\/h3>\n\n\n\n<div class=\"wp-block-buttons is-layout-flex wp-block-buttons-is-layout-flex\">\n<div class=\"wp-block-button\"><a class=\"wp-block-button__link wp-element-button\" href=\"https:\/\/drive.proton.me\/urls\/KH4YK5RDBR#pIRghqfV7Vwg\" target=\"_blank\" rel=\"noreferrer noopener\">T\u00e9l\u00e9charger le compte-rendu<\/a><\/div>\n<\/div>\n<\/div><\/div>\n\n\n\n<div class=\"wp-block-group groupm\"><div class=\"wp-block-group__inner-container is-layout-constrained wp-block-group-is-layout-constrained\">\n<h4 class=\"wp-block-heading\">Conclusion<\/h4>\n\n\n\n<div class=\"wp-block-buttons is-layout-flex wp-block-buttons-is-layout-flex\">\n<div class=\"wp-block-button\"><a class=\"wp-block-button__link wp-element-button\" href=\"https:\/\/drive.proton.me\/urls\/80XV3R31ZW#4AqzIZ5Wb0hn\" target=\"_blank\" rel=\"noreferrer noopener\">T\u00e9l\u00e9charger tous les comptes-rendus<\/a><\/div>\n<\/div>\n<\/div><\/div>\n<\/div>\n<\/div>\n<\/div><\/div>\n\n\n\n<p><\/p>\n","protected":false},"excerpt":{"rendered":"<p>Le 24 novembre dernier, plus de 80 lislois\u22c5es ont assist\u00e9 \u00e0 la r\u00e9union publique organis\u00e9e par Lisle en Commun autour la th\u00e9matique Dignit\u00e9. Que signifie vivre dignement \u00e0 Lisle-sur-Tarn, aujourd\u2019hui ? Cette soir\u00e9e a marqu\u00e9 un temps fort de notre campagne, \u00e0 l&rsquo;image de ce que nous souhaitons pour la suite : une m\u00e9thode de [&#8230;]<\/p>\n<p><a class=\"btn btn-secondary understrap-read-more-link\" href=\"https:\/\/lisle-en-commun.fr\/index.php\/dignite-a-lisle-sur-tarn\/\">Lire la suite\u2026<span class=\"screen-reader-text\"> from Dignit\u00e9 \u00e0 Lisle sur Tarn<\/span><\/a><\/p>\n","protected":false},"author":1,"featured_media":0,"parent":0,"menu_order":0,"comment_status":"closed","ping_status":"closed","template":"","meta":{"footnotes":""},"class_list":["post-505","page","type-page","status-publish","hentry"],"yoast_head":"<!-- This site is optimized with the Yoast SEO plugin v26.7 - https:\/\/yoast.com\/wordpress\/plugins\/seo\/ -->\n<title>Dignit\u00e9 \u00e0 Lisle sur Tarn - Lisle en Commun<\/title>\n<meta name=\"description\" content=\"Le 24 novembre dernier, plus de 80 lislois\u22c5es ont assist\u00e9 \u00e0 la r\u00e9union publique organis\u00e9e par Lisle en Commun autour la th\u00e9matique Dignit\u00e9. Cette soir\u00e9e \u00e9tait construite autour de huit th\u00e9matiques : Accueil - Int\u00e9gration - Isolement, Accompagnement social des personnes en difficult\u00e9, Soutien \u00e0 la parentalit\u00e9, Logement - cadre de vie, Liens dans les hameaux, Bien vieillir \u00e0 Lisle-sur-Tarn, Les services publics et Lieux de convivialit\u00e9\" \/>\n<meta name=\"robots\" content=\"index, follow, max-snippet:-1, max-image-preview:large, max-video-preview:-1\" \/>\n<link rel=\"canonical\" href=\"https:\/\/lisle-en-commun.fr\/index.php\/dignite-a-lisle-sur-tarn\/\" \/>\n<meta property=\"og:locale\" content=\"fr_FR\" \/>\n<meta property=\"og:type\" content=\"article\" \/>\n<meta property=\"og:title\" content=\"Dignit\u00e9 \u00e0 Lisle sur Tarn - Lisle en Commun\" \/>\n<meta property=\"og:description\" content=\"Le 24 novembre dernier, plus de 80 lislois\u22c5es ont assist\u00e9 \u00e0 la r\u00e9union publique organis\u00e9e par Lisle en Commun autour la th\u00e9matique Dignit\u00e9. Cette soir\u00e9e \u00e9tait construite autour de huit th\u00e9matiques : Accueil - Int\u00e9gration - Isolement, Accompagnement social des personnes en difficult\u00e9, Soutien \u00e0 la parentalit\u00e9, Logement - cadre de vie, Liens dans les hameaux, Bien vieillir \u00e0 Lisle-sur-Tarn, Les services publics et Lieux de convivialit\u00e9\" \/>\n<meta property=\"og:url\" content=\"https:\/\/lisle-en-commun.fr\/index.php\/dignite-a-lisle-sur-tarn\/\" \/>\n<meta property=\"og:site_name\" content=\"Lisle en Commun\" \/>\n<meta property=\"article:modified_time\" content=\"2026-01-30T10:44:39+00:00\" \/>\n<meta property=\"og:image\" content=\"https:\/\/lisle-en-commun.fr\/wp-content\/uploads\/2025\/12\/1000033628.jpg\" \/>\n\t<meta property=\"og:image:width\" content=\"1736\" \/>\n\t<meta property=\"og:image:height\" content=\"1389\" \/>\n\t<meta property=\"og:image:type\" content=\"image\/jpeg\" \/>\n<meta name=\"twitter:card\" content=\"summary_large_image\" \/>\n<meta name=\"twitter:label1\" content=\"Dur\u00e9e de lecture estim\u00e9e\" \/>\n\t<meta name=\"twitter:data1\" content=\"2 minutes\" \/>\n<script type=\"application\/ld+json\" class=\"yoast-schema-graph\">{\"@context\":\"https:\/\/schema.org\",\"@graph\":[{\"@type\":\"WebPage\",\"@id\":\"https:\/\/lisle-en-commun.fr\/index.php\/dignite-a-lisle-sur-tarn\/\",\"url\":\"https:\/\/lisle-en-commun.fr\/index.php\/dignite-a-lisle-sur-tarn\/\",\"name\":\"Dignit\u00e9 \u00e0 Lisle sur Tarn - Lisle en Commun\",\"isPartOf\":{\"@id\":\"https:\/\/lisle-en-commun.fr\/#website\"},\"primaryImageOfPage\":{\"@id\":\"https:\/\/lisle-en-commun.fr\/index.php\/dignite-a-lisle-sur-tarn\/#primaryimage\"},\"image\":{\"@id\":\"https:\/\/lisle-en-commun.fr\/index.php\/dignite-a-lisle-sur-tarn\/#primaryimage\"},\"thumbnailUrl\":\"https:\/\/lisle-en-commun.fr\/wp-content\/uploads\/2025\/12\/1000033628-1024x819.jpg\",\"datePublished\":\"2026-01-30T10:44:38+00:00\",\"dateModified\":\"2026-01-30T10:44:39+00:00\",\"description\":\"Le 24 novembre dernier, plus de 80 lislois\u22c5es ont assist\u00e9 \u00e0 la r\u00e9union publique organis\u00e9e par Lisle en Commun autour la th\u00e9matique Dignit\u00e9. Cette soir\u00e9e \u00e9tait construite autour de huit th\u00e9matiques : Accueil - Int\u00e9gration - Isolement, Accompagnement social des personnes en difficult\u00e9, Soutien \u00e0 la parentalit\u00e9, Logement - cadre de vie, Liens dans les hameaux, Bien vieillir \u00e0 Lisle-sur-Tarn, Les services publics et Lieux de convivialit\u00e9\",\"breadcrumb\":{\"@id\":\"https:\/\/lisle-en-commun.fr\/index.php\/dignite-a-lisle-sur-tarn\/#breadcrumb\"},\"inLanguage\":\"fr-FR\",\"potentialAction\":[{\"@type\":\"ReadAction\",\"target\":[\"https:\/\/lisle-en-commun.fr\/index.php\/dignite-a-lisle-sur-tarn\/\"]}]},{\"@type\":\"ImageObject\",\"inLanguage\":\"fr-FR\",\"@id\":\"https:\/\/lisle-en-commun.fr\/index.php\/dignite-a-lisle-sur-tarn\/#primaryimage\",\"url\":\"https:\/\/lisle-en-commun.fr\/wp-content\/uploads\/2025\/12\/1000033628.jpg\",\"contentUrl\":\"https:\/\/lisle-en-commun.fr\/wp-content\/uploads\/2025\/12\/1000033628.jpg\",\"width\":1736,\"height\":1389},{\"@type\":\"BreadcrumbList\",\"@id\":\"https:\/\/lisle-en-commun.fr\/index.php\/dignite-a-lisle-sur-tarn\/#breadcrumb\",\"itemListElement\":[{\"@type\":\"ListItem\",\"position\":1,\"name\":\"Home\",\"item\":\"https:\/\/lisle-en-commun.fr\/\"},{\"@type\":\"ListItem\",\"position\":2,\"name\":\"Dignit\u00e9 \u00e0 Lisle sur Tarn\"}]},{\"@type\":\"WebSite\",\"@id\":\"https:\/\/lisle-en-commun.fr\/#website\",\"url\":\"https:\/\/lisle-en-commun.fr\/\",\"name\":\"Lisle en Commun\",\"description\":\"\",\"publisher\":{\"@id\":\"https:\/\/lisle-en-commun.fr\/#organization\"},\"potentialAction\":[{\"@type\":\"SearchAction\",\"target\":{\"@type\":\"EntryPoint\",\"urlTemplate\":\"https:\/\/lisle-en-commun.fr\/?s={search_term_string}\"},\"query-input\":{\"@type\":\"PropertyValueSpecification\",\"valueRequired\":true,\"valueName\":\"search_term_string\"}}],\"inLanguage\":\"fr-FR\"},{\"@type\":\"Organization\",\"@id\":\"https:\/\/lisle-en-commun.fr\/#organization\",\"name\":\"Lisle en Commun\",\"url\":\"https:\/\/lisle-en-commun.fr\/\",\"logo\":{\"@type\":\"ImageObject\",\"inLanguage\":\"fr-FR\",\"@id\":\"https:\/\/lisle-en-commun.fr\/#\/schema\/logo\/image\/\",\"url\":\"https:\/\/lisle-en-commun.fr\/wp-content\/uploads\/2025\/09\/logo-lisle-en-commun-1.png\",\"contentUrl\":\"https:\/\/lisle-en-commun.fr\/wp-content\/uploads\/2025\/09\/logo-lisle-en-commun-1.png\",\"width\":800,\"height\":800,\"caption\":\"Lisle en Commun\"},\"image\":{\"@id\":\"https:\/\/lisle-en-commun.fr\/#\/schema\/logo\/image\/\"},\"sameAs\":[\"https:\/\/www.instagram.com\/lisle_en_commun\/\"]}]}<\/script>\n<!-- \/ Yoast SEO plugin. -->","yoast_head_json":{"title":"Dignit\u00e9 \u00e0 Lisle sur Tarn - Lisle en Commun","description":"Le 24 novembre dernier, plus de 80 lislois\u22c5es ont assist\u00e9 \u00e0 la r\u00e9union publique organis\u00e9e par Lisle en Commun autour la th\u00e9matique Dignit\u00e9. Cette soir\u00e9e \u00e9tait construite autour de huit th\u00e9matiques : Accueil - Int\u00e9gration - Isolement, Accompagnement social des personnes en difficult\u00e9, Soutien \u00e0 la parentalit\u00e9, Logement - cadre de vie, Liens dans les hameaux, Bien vieillir \u00e0 Lisle-sur-Tarn, Les services publics et Lieux de convivialit\u00e9","robots":{"index":"index","follow":"follow","max-snippet":"max-snippet:-1","max-image-preview":"max-image-preview:large","max-video-preview":"max-video-preview:-1"},"canonical":"https:\/\/lisle-en-commun.fr\/index.php\/dignite-a-lisle-sur-tarn\/","og_locale":"fr_FR","og_type":"article","og_title":"Dignit\u00e9 \u00e0 Lisle sur Tarn - Lisle en Commun","og_description":"Le 24 novembre dernier, plus de 80 lislois\u22c5es ont assist\u00e9 \u00e0 la r\u00e9union publique organis\u00e9e par Lisle en Commun autour la th\u00e9matique Dignit\u00e9. Cette soir\u00e9e \u00e9tait construite autour de huit th\u00e9matiques : Accueil - Int\u00e9gration - Isolement, Accompagnement social des personnes en difficult\u00e9, Soutien \u00e0 la parentalit\u00e9, Logement - cadre de vie, Liens dans les hameaux, Bien vieillir \u00e0 Lisle-sur-Tarn, Les services publics et Lieux de convivialit\u00e9","og_url":"https:\/\/lisle-en-commun.fr\/index.php\/dignite-a-lisle-sur-tarn\/","og_site_name":"Lisle en Commun","article_modified_time":"2026-01-30T10:44:39+00:00","og_image":[{"width":1736,"height":1389,"url":"https:\/\/lisle-en-commun.fr\/wp-content\/uploads\/2025\/12\/1000033628.jpg","type":"image\/jpeg"}],"twitter_card":"summary_large_image","twitter_misc":{"Dur\u00e9e de lecture estim\u00e9e":"2 minutes"},"schema":{"@context":"https:\/\/schema.org","@graph":[{"@type":"WebPage","@id":"https:\/\/lisle-en-commun.fr\/index.php\/dignite-a-lisle-sur-tarn\/","url":"https:\/\/lisle-en-commun.fr\/index.php\/dignite-a-lisle-sur-tarn\/","name":"Dignit\u00e9 \u00e0 Lisle sur Tarn - Lisle en Commun","isPartOf":{"@id":"https:\/\/lisle-en-commun.fr\/#website"},"primaryImageOfPage":{"@id":"https:\/\/lisle-en-commun.fr\/index.php\/dignite-a-lisle-sur-tarn\/#primaryimage"},"image":{"@id":"https:\/\/lisle-en-commun.fr\/index.php\/dignite-a-lisle-sur-tarn\/#primaryimage"},"thumbnailUrl":"https:\/\/lisle-en-commun.fr\/wp-content\/uploads\/2025\/12\/1000033628-1024x819.jpg","datePublished":"2026-01-30T10:44:38+00:00","dateModified":"2026-01-30T10:44:39+00:00","description":"Le 24 novembre dernier, plus de 80 lislois\u22c5es ont assist\u00e9 \u00e0 la r\u00e9union publique organis\u00e9e par Lisle en Commun autour la th\u00e9matique Dignit\u00e9. Cette soir\u00e9e \u00e9tait construite autour de huit th\u00e9matiques : Accueil - Int\u00e9gration - Isolement, Accompagnement social des personnes en difficult\u00e9, Soutien \u00e0 la parentalit\u00e9, Logement - cadre de vie, Liens dans les hameaux, Bien vieillir \u00e0 Lisle-sur-Tarn, Les services publics et Lieux de convivialit\u00e9","breadcrumb":{"@id":"https:\/\/lisle-en-commun.fr\/index.php\/dignite-a-lisle-sur-tarn\/#breadcrumb"},"inLanguage":"fr-FR","potentialAction":[{"@type":"ReadAction","target":["https:\/\/lisle-en-commun.fr\/index.php\/dignite-a-lisle-sur-tarn\/"]}]},{"@type":"ImageObject","inLanguage":"fr-FR","@id":"https:\/\/lisle-en-commun.fr\/index.php\/dignite-a-lisle-sur-tarn\/#primaryimage","url":"https:\/\/lisle-en-commun.fr\/wp-content\/uploads\/2025\/12\/1000033628.jpg","contentUrl":"https:\/\/lisle-en-commun.fr\/wp-content\/uploads\/2025\/12\/1000033628.jpg","width":1736,"height":1389},{"@type":"BreadcrumbList","@id":"https:\/\/lisle-en-commun.fr\/index.php\/dignite-a-lisle-sur-tarn\/#breadcrumb","itemListElement":[{"@type":"ListItem","position":1,"name":"Home","item":"https:\/\/lisle-en-commun.fr\/"},{"@type":"ListItem","position":2,"name":"Dignit\u00e9 \u00e0 Lisle sur Tarn"}]},{"@type":"WebSite","@id":"https:\/\/lisle-en-commun.fr\/#website","url":"https:\/\/lisle-en-commun.fr\/","name":"Lisle en Commun","description":"","publisher":{"@id":"https:\/\/lisle-en-commun.fr\/#organization"},"potentialAction":[{"@type":"SearchAction","target":{"@type":"EntryPoint","urlTemplate":"https:\/\/lisle-en-commun.fr\/?s={search_term_string}"},"query-input":{"@type":"PropertyValueSpecification","valueRequired":true,"valueName":"search_term_string"}}],"inLanguage":"fr-FR"},{"@type":"Organization","@id":"https:\/\/lisle-en-commun.fr\/#organization","name":"Lisle en Commun","url":"https:\/\/lisle-en-commun.fr\/","logo":{"@type":"ImageObject","inLanguage":"fr-FR","@id":"https:\/\/lisle-en-commun.fr\/#\/schema\/logo\/image\/","url":"https:\/\/lisle-en-commun.fr\/wp-content\/uploads\/2025\/09\/logo-lisle-en-commun-1.png","contentUrl":"https:\/\/lisle-en-commun.fr\/wp-content\/uploads\/2025\/09\/logo-lisle-en-commun-1.png","width":800,"height":800,"caption":"Lisle en Commun"},"image":{"@id":"https:\/\/lisle-en-commun.fr\/#\/schema\/logo\/image\/"},"sameAs":["https:\/\/www.instagram.com\/lisle_en_commun\/"]}]}},"_links":{"self":[{"href":"https:\/\/lisle-en-commun.fr\/index.php\/wp-json\/wp\/v2\/pages\/505","targetHints":{"allow":["GET"]}}],"collection":[{"href":"https:\/\/lisle-en-commun.fr\/index.php\/wp-json\/wp\/v2\/pages"}],"about":[{"href":"https:\/\/lisle-en-commun.fr\/index.php\/wp-json\/wp\/v2\/types\/page"}],"author":[{"embeddable":true,"href":"https:\/\/lisle-en-commun.fr\/index.php\/wp-json\/wp\/v2\/users\/1"}],"replies":[{"embeddable":true,"href":"https:\/\/lisle-en-commun.fr\/index.php\/wp-json\/wp\/v2\/comments?post=505"}],"version-history":[{"count":11,"href":"https:\/\/lisle-en-commun.fr\/index.php\/wp-json\/wp\/v2\/pages\/505\/revisions"}],"predecessor-version":[{"id":516,"href":"https:\/\/lisle-en-commun.fr\/index.php\/wp-json\/wp\/v2\/pages\/505\/revisions\/516"}],"wp:attachment":[{"href":"https:\/\/lisle-en-commun.fr\/index.php\/wp-json\/wp\/v2\/media?parent=505"}],"curies":[{"name":"wp","href":"https:\/\/api.w.org\/{rel}","templated":true}]}}