{"id":587,"date":"2026-02-16T22:59:36","date_gmt":"2026-02-16T20:59:36","guid":{"rendered":"https:\/\/lisle-en-commun.fr\/?page_id=587"},"modified":"2026-02-16T22:59:37","modified_gmt":"2026-02-16T20:59:37","slug":"durabilite-a-lisle-sur-tarn","status":"publish","type":"page","link":"https:\/\/lisle-en-commun.fr\/index.php\/durabilite-a-lisle-sur-tarn\/","title":{"rendered":"Durabilit\u00e9 \u00e0 Lisle sur Tarn"},"content":{"rendered":"\n<div class=\"wp-block-group bg-vert\"><div class=\"wp-block-group__inner-container is-layout-constrained wp-block-group-is-layout-constrained\">\n<div class=\"wp-block-columns container is-layout-flex wp-container-core-columns-is-layout-9d6595d7 wp-block-columns-is-layout-flex\">\n<div class=\"wp-block-column texte-bulle is-layout-flow wp-block-column-is-layout-flow\">\n<p>Le 7 f\u00e9vrier dernier, Lisle en Commun a propos\u00e9 son troisi\u00e8me atelier aux lisloi\u22c5ses. La th\u00e9matique propos\u00e9e \u00e9tait la Durabilit\u00e9.<\/p>\n\n\n\n<p>Pendant deux heures, les participant\u22c5es ont \u00e9chang\u00e9 librement, confront\u00e9 les points de vue et fait \u00e9merger des propositions concr\u00e8tes autour de cinq grands th\u00e8mes :<\/p>\n\n\n\n<ul class=\"wp-block-list\">\n<li>\ud83c\udf3e Alimentation &amp; Agriculture<\/li>\n\n\n\n<li>\ud83c\udf33 Eau, For\u00eat &amp; Biodiversit\u00e9<\/li>\n\n\n\n<li>\ud83c\udfd8 Urbanisme &amp; \u00c9nergie<\/li>\n\n\n\n<li>\u267b\ufe0f D\u00e9chets &amp; Propret\u00e9<\/li>\n\n\n\n<li>\ud83d\udee1 Gouvernance des risques &amp; Coh\u00e9sion territoriale<\/li>\n<\/ul>\n<\/div>\n<\/div>\n<\/div><\/div>\n\n\n\n<div class=\"wp-block-group container\"><div class=\"wp-block-group__inner-container is-layout-constrained wp-block-group-is-layout-constrained\">\n<div class=\"wp-block-group groupm\"><div class=\"wp-block-group__inner-container is-layout-constrained wp-block-group-is-layout-constrained\">\n<h2 class=\"wp-block-heading bg-bleu\">Une ambition commune : une ville plus r\u00e9siliente et plus solidaire<\/h2>\n\n\n\n<p>Un message fort ressort de ces \u00e9changes :<\/p>\n\n\n\n<p>Face aux d\u00e9fis climatiques, \u00e9nerg\u00e9tiques et sociaux, Lisle-sur-Tarn doit renforcer sa r\u00e9silience tout en pr\u00e9servant son identit\u00e9 et son cadre de vie.<\/p>\n\n\n\n<p>Les habitant\u00b7es ont exprim\u00e9 une attente claire : mieux prot\u00e9ger nos ressources locales, renforcer le lien social et mieux informer.<\/p>\n<\/div><\/div>\n\n\n\n<div class=\"wp-block-group groupm\"><div class=\"wp-block-group__inner-container is-layout-constrained wp-block-group-is-layout-constrained\">\n<h2 class=\"wp-block-heading bg-rouge\">Mieux produire et mieux manger<\/h2>\n\n\n\n<p>Les \u00e9changes ont mis en lumi\u00e8re le lien \u00e9troit entre agriculture locale, alimentation saine et cantine scolaire.<\/p>\n\n\n\n<p>Parmi les pistes \u00e9voqu\u00e9es :<\/p>\n\n\n\n<ul class=\"wp-block-list\">\n<li>Soutenir les circuits de proximit\u00e9<\/li>\n\n\n\n<li>Favoriser l\u2019installation et la transmission d\u2019exploitations agricoles<\/li>\n\n\n\n<li>D\u00e9velopper une agriculture plus adapt\u00e9e au changement climatique<\/li>\n\n\n\n<li>Am\u00e9liorer la qualit\u00e9 des repas en restauration scolaire<\/li>\n<\/ul>\n\n\n\n<p>L\u2019objectif : pr\u00e9server un tissu agricole vivant et permettre \u00e0 chacun d\u2019acc\u00e9der \u00e0 une alimentation de qualit\u00e9.<\/p>\n<\/div><\/div>\n\n\n\n<div class=\"wp-block-group groupm\"><div class=\"wp-block-group__inner-container is-layout-constrained wp-block-group-is-layout-constrained\">\n<h2 class=\"wp-block-heading bg-vert\">Prot\u00e9ger l\u2019eau, la for\u00eat et la biodiversit\u00e9<\/h2>\n\n\n\n<p>Lisle-sur-Tarn poss\u00e8de un patrimoine naturel remarquable : le Tarn, le Tescou, la for\u00eat de Sivens, les coteaux\u2026<\/p>\n\n\n\n<p>Les participants ont partag\u00e9 leurs inqui\u00e9tudes face :<\/p>\n\n\n\n<ul class=\"wp-block-list\">\n<li>Aux s\u00e9cheresses r\u00e9p\u00e9t\u00e9es<\/li>\n\n\n\n<li>Au d\u00e9p\u00e9rissement de certaines essences foresti\u00e8res<\/li>\n\n\n\n<li>Aux tensions autour de la ressource en eau<\/li>\n<\/ul>\n\n\n\n<p>Plusieurs pistes ont \u00e9merg\u00e9 :<\/p>\n\n\n\n<ul class=\"wp-block-list\">\n<li>Adapter la gestion foresti\u00e8re au climat futur<\/li>\n\n\n\n<li>Valoriser le bois local<\/li>\n\n\n\n<li>Pr\u00e9server et replanter des haies<\/li>\n\n\n\n<li>Mieux informer sur les risques naturels<\/li>\n\n\n\n<li>Engager une r\u00e9flexion collective sur la gestion de l\u2019eau<\/li>\n<\/ul>\n<\/div><\/div>\n\n\n\n<div class=\"wp-block-group groupm\"><div class=\"wp-block-group__inner-container is-layout-constrained wp-block-group-is-layout-constrained\">\n<h2 class=\"wp-block-heading bg-jaune\">Am\u00e9nager la commune avec sobri\u00e9t\u00e9<\/h2>\n\n\n\n<p>En mati\u00e8re d\u2019urbanisme et d\u2019\u00e9nergie, les propositions visent \u00e0 :<\/p>\n\n\n\n<ul class=\"wp-block-list\">\n<li>Limiter l\u2019\u00e9talement urbain<\/li>\n\n\n\n<li>R\u00e9habiliter le b\u00e2ti existant<\/li>\n\n\n\n<li>Valoriser le patrimoine (notamment en terre crue)<\/li>\n\n\n\n<li>D\u00e9velopper les mobilit\u00e9s douces<\/li>\n\n\n\n<li>S\u00e9curiser les travers\u00e9es routi\u00e8res<\/li>\n<\/ul>\n\n\n\n<p>L\u2019id\u00e9e centrale : concilier attractivit\u00e9, qualit\u00e9 de vie et transition \u00e9cologique.<\/p>\n<\/div><\/div>\n\n\n\n<div class=\"wp-block-group groupm\"><div class=\"wp-block-group__inner-container is-layout-constrained wp-block-group-is-layout-constrained\">\n<h2 class=\"wp-block-heading bg-bleu\">R\u00e9duire les d\u00e9chets et am\u00e9liorer la propret\u00e9<\/h2>\n\n\n\n<p>Avec 202 kg de d\u00e9chets par habitant et par an, la r\u00e9duction \u00e0 la source est un enjeu majeur.<\/p>\n\n\n\n<p>Les \u00e9changes ont port\u00e9 sur :<\/p>\n\n\n\n<ul class=\"wp-block-list\">\n<li>L\u2019am\u00e9lioration de la collecte<\/li>\n\n\n\n<li>La p\u00e9dagogie du tri, notamment aupr\u00e8s des jeunes<\/li>\n\n\n\n<li>Le d\u00e9veloppement des composteurs de quartier<\/li>\n\n\n\n<li>La propret\u00e9 des espaces publics<\/li>\n\n\n\n<li>La valorisation du b\u00e9n\u00e9volat citoyen<\/li>\n<\/ul>\n\n\n\n<p>Une conviction partag\u00e9e : la qualit\u00e9 du cadre de vie d\u00e9pend autant des services publics que des comportements individuels.<\/p>\n<\/div><\/div>\n\n\n\n<div class=\"wp-block-group groupm\"><div class=\"wp-block-group__inner-container is-layout-constrained wp-block-group-is-layout-constrained\">\n<h2 class=\"wp-block-heading bg-rouge\">Faire face aux risques et renforcer le lien social<\/h2>\n\n\n\n<p>Les habitants ont \u00e9galement abord\u00e9 :<\/p>\n\n\n\n<ul class=\"wp-block-list\">\n<li>Le sentiment d\u2019ins\u00e9curit\u00e9<\/li>\n\n\n\n<li>Les risques d\u2019inondation<\/li>\n\n\n\n<li>Le retrait-gonflement des argiles<\/li>\n\n\n\n<li>La s\u00e9curit\u00e9 routi\u00e8re<\/li>\n\n\n\n<li>Les tensions li\u00e9es au logement<\/li>\n<\/ul>\n\n\n\n<p>Une id\u00e9e forte s\u2019est d\u00e9gag\u00e9e :<\/p>\n\n\n\n<p>Le plus grand risque est l\u2019indiff\u00e9rence et la perte du lien social.<\/p>\n\n\n\n<p>Des propositions concr\u00e8tes ont \u00e9t\u00e9 avanc\u00e9es :<\/p>\n\n\n\n<ul class=\"wp-block-list\">\n<li>Cr\u00e9er un livret simplifi\u00e9 sur les risques<\/li>\n\n\n\n<li>Renforcer la communication municipale<\/li>\n\n\n\n<li>Soutenir les associations solidaires<\/li>\n\n\n\n<li>D\u00e9velopper des solutions de mobilit\u00e9 solidaire<\/li>\n\n\n\n<li>R\u00e9duire la fracture entre hameaux et centre-ville<\/li>\n<\/ul>\n<\/div><\/div>\n\n\n\n<h2 class=\"wp-block-heading bg-jaune\">Les compte-rendus<\/h2>\n\n\n\n<div class=\"wp-block-group groupm\"><div class=\"wp-block-group__inner-container is-layout-constrained wp-block-group-is-layout-constrained\">\n<h3 class=\"wp-block-heading\">Alimentation &amp; Agriculture<\/h3>\n\n\n\n<div class=\"wp-block-buttons is-layout-flex wp-block-buttons-is-layout-flex\">\n<div class=\"wp-block-button\"><a class=\"wp-block-button__link wp-element-button\" href=\"https:\/\/drive.proton.me\/urls\/3EBCERXM1C#VimTeBT54Uw2\" target=\"_blank\" rel=\"noreferrer noopener\">T\u00e9l\u00e9charger le compte-rendu<\/a><\/div>\n<\/div>\n<\/div><\/div>\n\n\n\n<div class=\"wp-block-group groupm\"><div class=\"wp-block-group__inner-container is-layout-constrained wp-block-group-is-layout-constrained\">\n<h3 class=\"wp-block-heading\">Eau, For\u00eat &amp; biodiversit\u00e9<\/h3>\n\n\n\n<div class=\"wp-block-buttons is-layout-flex wp-block-buttons-is-layout-flex\">\n<div class=\"wp-block-button\"><a class=\"wp-block-button__link wp-element-button\" href=\"https:\/\/drive.proton.me\/urls\/A85ZJT57ZG#xctII9AzPzvw\" target=\"_blank\" rel=\"noreferrer noopener\">T\u00e9l\u00e9charger le compte-rendu<\/a><\/div>\n<\/div>\n<\/div><\/div>\n\n\n\n<div class=\"wp-block-group groupm\"><div class=\"wp-block-group__inner-container is-layout-constrained wp-block-group-is-layout-constrained\">\n<h3 class=\"wp-block-heading\">Urbanisme &amp; \u00c9nergie<\/h3>\n\n\n\n<div class=\"wp-block-buttons is-layout-flex wp-block-buttons-is-layout-flex\">\n<div class=\"wp-block-button\"><a class=\"wp-block-button__link wp-element-button\" href=\"https:\/\/drive.proton.me\/urls\/1CAZF2Z4WR#eiCaw34iwcvd\" target=\"_blank\" rel=\"noreferrer noopener\">T\u00e9l\u00e9charger le comte-rendu<\/a><\/div>\n<\/div>\n<\/div><\/div>\n\n\n\n<div class=\"wp-block-group groupm\"><div class=\"wp-block-group__inner-container is-layout-constrained wp-block-group-is-layout-constrained\">\n<h3 class=\"wp-block-heading\">Valorisation des d\u00e9chets<\/h3>\n\n\n\n<div class=\"wp-block-buttons is-layout-flex wp-block-buttons-is-layout-flex\">\n<div class=\"wp-block-button\"><a class=\"wp-block-button__link wp-element-button\" href=\"https:\/\/drive.proton.me\/urls\/NZMHGHZYNG#RFVrdHWgYp7J\" target=\"_blank\" rel=\"noreferrer noopener\">T\u00e9l\u00e9charger le compte-rendu<\/a><\/div>\n<\/div>\n<\/div><\/div>\n\n\n\n<div class=\"wp-block-group groupm\"><div class=\"wp-block-group__inner-container is-layout-constrained wp-block-group-is-layout-constrained\">\n<h3 class=\"wp-block-heading\">Gouvernance des risques<\/h3>\n\n\n\n<div class=\"wp-block-buttons is-layout-flex wp-block-buttons-is-layout-flex\">\n<div class=\"wp-block-button\"><a class=\"wp-block-button__link wp-element-button\" href=\"https:\/\/drive.proton.me\/urls\/BC28RC748W#cA6YzOwpsreF\" target=\"_blank\" rel=\"noreferrer noopener\">T\u00e9l\u00e9charger le compte-rendu<\/a><\/div>\n<\/div>\n<\/div><\/div>\n<\/div><\/div>\n","protected":false},"excerpt":{"rendered":"<p>Le 7 f\u00e9vrier dernier, Lisle en Commun a propos\u00e9 son troisi\u00e8me atelier aux lisloi\u22c5ses. La th\u00e9matique propos\u00e9e \u00e9tait la Durabilit\u00e9. Pendant deux heures, les participant\u22c5es ont \u00e9chang\u00e9 librement, confront\u00e9 les points de vue et fait \u00e9merger des propositions concr\u00e8tes autour de cinq grands th\u00e8mes : Une ambition commune : une ville plus r\u00e9siliente et plus [&#8230;]<\/p>\n<p><a class=\"btn btn-secondary understrap-read-more-link\" href=\"https:\/\/lisle-en-commun.fr\/index.php\/durabilite-a-lisle-sur-tarn\/\">Lire la suite\u2026<span class=\"screen-reader-text\"> from Durabilit\u00e9 \u00e0 Lisle sur Tarn<\/span><\/a><\/p>\n","protected":false},"author":1,"featured_media":0,"parent":0,"menu_order":0,"comment_status":"closed","ping_status":"closed","template":"","meta":{"footnotes":""},"class_list":["post-587","page","type-page","status-publish","hentry"],"yoast_head":"<!-- This site is optimized with the Yoast SEO plugin v26.7 - https:\/\/yoast.com\/wordpress\/plugins\/seo\/ -->\n<title>Durabilit\u00e9 \u00e0 Lisle sur Tarn - Lisle en Commun<\/title>\n<meta name=\"description\" content=\"Le 7 f\u00e9vrier dernier, Lisle en Commun a propos\u00e9 son troisi\u00e8me atelier aux lisloi\u22c5ses. La th\u00e9matique propos\u00e9e \u00e9tait la Durabilit\u00e9.\" \/>\n<meta name=\"robots\" content=\"index, follow, max-snippet:-1, max-image-preview:large, max-video-preview:-1\" \/>\n<link rel=\"canonical\" href=\"https:\/\/lisle-en-commun.fr\/index.php\/durabilite-a-lisle-sur-tarn\/\" \/>\n<meta property=\"og:locale\" content=\"fr_FR\" \/>\n<meta property=\"og:type\" content=\"article\" \/>\n<meta property=\"og:title\" content=\"Durabilit\u00e9 \u00e0 Lisle sur Tarn - Lisle en Commun\" \/>\n<meta property=\"og:description\" content=\"Le 7 f\u00e9vrier dernier, Lisle en Commun a propos\u00e9 son troisi\u00e8me atelier aux lisloi\u22c5ses. La th\u00e9matique propos\u00e9e \u00e9tait la Durabilit\u00e9.\" \/>\n<meta property=\"og:url\" content=\"https:\/\/lisle-en-commun.fr\/index.php\/durabilite-a-lisle-sur-tarn\/\" \/>\n<meta property=\"og:site_name\" content=\"Lisle en Commun\" \/>\n<meta property=\"article:modified_time\" content=\"2026-02-16T20:59:37+00:00\" \/>\n<meta name=\"twitter:card\" content=\"summary_large_image\" \/>\n<meta name=\"twitter:label1\" content=\"Dur\u00e9e de lecture estim\u00e9e\" \/>\n\t<meta name=\"twitter:data1\" content=\"3 minutes\" \/>\n<script type=\"application\/ld+json\" class=\"yoast-schema-graph\">{\"@context\":\"https:\/\/schema.org\",\"@graph\":[{\"@type\":\"WebPage\",\"@id\":\"https:\/\/lisle-en-commun.fr\/index.php\/durabilite-a-lisle-sur-tarn\/\",\"url\":\"https:\/\/lisle-en-commun.fr\/index.php\/durabilite-a-lisle-sur-tarn\/\",\"name\":\"Durabilit\u00e9 \u00e0 Lisle sur Tarn - Lisle en Commun\",\"isPartOf\":{\"@id\":\"https:\/\/lisle-en-commun.fr\/#website\"},\"datePublished\":\"2026-02-16T20:59:36+00:00\",\"dateModified\":\"2026-02-16T20:59:37+00:00\",\"description\":\"Le 7 f\u00e9vrier dernier, Lisle en Commun a propos\u00e9 son troisi\u00e8me atelier aux lisloi\u22c5ses. La th\u00e9matique propos\u00e9e \u00e9tait la Durabilit\u00e9.\",\"breadcrumb\":{\"@id\":\"https:\/\/lisle-en-commun.fr\/index.php\/durabilite-a-lisle-sur-tarn\/#breadcrumb\"},\"inLanguage\":\"fr-FR\",\"potentialAction\":[{\"@type\":\"ReadAction\",\"target\":[\"https:\/\/lisle-en-commun.fr\/index.php\/durabilite-a-lisle-sur-tarn\/\"]}]},{\"@type\":\"BreadcrumbList\",\"@id\":\"https:\/\/lisle-en-commun.fr\/index.php\/durabilite-a-lisle-sur-tarn\/#breadcrumb\",\"itemListElement\":[{\"@type\":\"ListItem\",\"position\":1,\"name\":\"Home\",\"item\":\"https:\/\/lisle-en-commun.fr\/\"},{\"@type\":\"ListItem\",\"position\":2,\"name\":\"Durabilit\u00e9 \u00e0 Lisle sur Tarn\"}]},{\"@type\":\"WebSite\",\"@id\":\"https:\/\/lisle-en-commun.fr\/#website\",\"url\":\"https:\/\/lisle-en-commun.fr\/\",\"name\":\"Lisle en Commun\",\"description\":\"\",\"publisher\":{\"@id\":\"https:\/\/lisle-en-commun.fr\/#organization\"},\"potentialAction\":[{\"@type\":\"SearchAction\",\"target\":{\"@type\":\"EntryPoint\",\"urlTemplate\":\"https:\/\/lisle-en-commun.fr\/?s={search_term_string}\"},\"query-input\":{\"@type\":\"PropertyValueSpecification\",\"valueRequired\":true,\"valueName\":\"search_term_string\"}}],\"inLanguage\":\"fr-FR\"},{\"@type\":\"Organization\",\"@id\":\"https:\/\/lisle-en-commun.fr\/#organization\",\"name\":\"Lisle en Commun\",\"url\":\"https:\/\/lisle-en-commun.fr\/\",\"logo\":{\"@type\":\"ImageObject\",\"inLanguage\":\"fr-FR\",\"@id\":\"https:\/\/lisle-en-commun.fr\/#\/schema\/logo\/image\/\",\"url\":\"https:\/\/lisle-en-commun.fr\/wp-content\/uploads\/2025\/09\/logo-lisle-en-commun-1.png\",\"contentUrl\":\"https:\/\/lisle-en-commun.fr\/wp-content\/uploads\/2025\/09\/logo-lisle-en-commun-1.png\",\"width\":800,\"height\":800,\"caption\":\"Lisle en Commun\"},\"image\":{\"@id\":\"https:\/\/lisle-en-commun.fr\/#\/schema\/logo\/image\/\"},\"sameAs\":[\"https:\/\/www.instagram.com\/lisle_en_commun\/\"]}]}<\/script>\n<!-- \/ Yoast SEO plugin. -->","yoast_head_json":{"title":"Durabilit\u00e9 \u00e0 Lisle sur Tarn - Lisle en Commun","description":"Le 7 f\u00e9vrier dernier, Lisle en Commun a propos\u00e9 son troisi\u00e8me atelier aux lisloi\u22c5ses. La th\u00e9matique propos\u00e9e \u00e9tait la Durabilit\u00e9.","robots":{"index":"index","follow":"follow","max-snippet":"max-snippet:-1","max-image-preview":"max-image-preview:large","max-video-preview":"max-video-preview:-1"},"canonical":"https:\/\/lisle-en-commun.fr\/index.php\/durabilite-a-lisle-sur-tarn\/","og_locale":"fr_FR","og_type":"article","og_title":"Durabilit\u00e9 \u00e0 Lisle sur Tarn - Lisle en Commun","og_description":"Le 7 f\u00e9vrier dernier, Lisle en Commun a propos\u00e9 son troisi\u00e8me atelier aux lisloi\u22c5ses. La th\u00e9matique propos\u00e9e \u00e9tait la Durabilit\u00e9.","og_url":"https:\/\/lisle-en-commun.fr\/index.php\/durabilite-a-lisle-sur-tarn\/","og_site_name":"Lisle en Commun","article_modified_time":"2026-02-16T20:59:37+00:00","twitter_card":"summary_large_image","twitter_misc":{"Dur\u00e9e de lecture estim\u00e9e":"3 minutes"},"schema":{"@context":"https:\/\/schema.org","@graph":[{"@type":"WebPage","@id":"https:\/\/lisle-en-commun.fr\/index.php\/durabilite-a-lisle-sur-tarn\/","url":"https:\/\/lisle-en-commun.fr\/index.php\/durabilite-a-lisle-sur-tarn\/","name":"Durabilit\u00e9 \u00e0 Lisle sur Tarn - Lisle en Commun","isPartOf":{"@id":"https:\/\/lisle-en-commun.fr\/#website"},"datePublished":"2026-02-16T20:59:36+00:00","dateModified":"2026-02-16T20:59:37+00:00","description":"Le 7 f\u00e9vrier dernier, Lisle en Commun a propos\u00e9 son troisi\u00e8me atelier aux lisloi\u22c5ses. La th\u00e9matique propos\u00e9e \u00e9tait la Durabilit\u00e9.","breadcrumb":{"@id":"https:\/\/lisle-en-commun.fr\/index.php\/durabilite-a-lisle-sur-tarn\/#breadcrumb"},"inLanguage":"fr-FR","potentialAction":[{"@type":"ReadAction","target":["https:\/\/lisle-en-commun.fr\/index.php\/durabilite-a-lisle-sur-tarn\/"]}]},{"@type":"BreadcrumbList","@id":"https:\/\/lisle-en-commun.fr\/index.php\/durabilite-a-lisle-sur-tarn\/#breadcrumb","itemListElement":[{"@type":"ListItem","position":1,"name":"Home","item":"https:\/\/lisle-en-commun.fr\/"},{"@type":"ListItem","position":2,"name":"Durabilit\u00e9 \u00e0 Lisle sur Tarn"}]},{"@type":"WebSite","@id":"https:\/\/lisle-en-commun.fr\/#website","url":"https:\/\/lisle-en-commun.fr\/","name":"Lisle en Commun","description":"","publisher":{"@id":"https:\/\/lisle-en-commun.fr\/#organization"},"potentialAction":[{"@type":"SearchAction","target":{"@type":"EntryPoint","urlTemplate":"https:\/\/lisle-en-commun.fr\/?s={search_term_string}"},"query-input":{"@type":"PropertyValueSpecification","valueRequired":true,"valueName":"search_term_string"}}],"inLanguage":"fr-FR"},{"@type":"Organization","@id":"https:\/\/lisle-en-commun.fr\/#organization","name":"Lisle en Commun","url":"https:\/\/lisle-en-commun.fr\/","logo":{"@type":"ImageObject","inLanguage":"fr-FR","@id":"https:\/\/lisle-en-commun.fr\/#\/schema\/logo\/image\/","url":"https:\/\/lisle-en-commun.fr\/wp-content\/uploads\/2025\/09\/logo-lisle-en-commun-1.png","contentUrl":"https:\/\/lisle-en-commun.fr\/wp-content\/uploads\/2025\/09\/logo-lisle-en-commun-1.png","width":800,"height":800,"caption":"Lisle en Commun"},"image":{"@id":"https:\/\/lisle-en-commun.fr\/#\/schema\/logo\/image\/"},"sameAs":["https:\/\/www.instagram.com\/lisle_en_commun\/"]}]}},"_links":{"self":[{"href":"https:\/\/lisle-en-commun.fr\/index.php\/wp-json\/wp\/v2\/pages\/587","targetHints":{"allow":["GET"]}}],"collection":[{"href":"https:\/\/lisle-en-commun.fr\/index.php\/wp-json\/wp\/v2\/pages"}],"about":[{"href":"https:\/\/lisle-en-commun.fr\/index.php\/wp-json\/wp\/v2\/types\/page"}],"author":[{"embeddable":true,"href":"https:\/\/lisle-en-commun.fr\/index.php\/wp-json\/wp\/v2\/users\/1"}],"replies":[{"embeddable":true,"href":"https:\/\/lisle-en-commun.fr\/index.php\/wp-json\/wp\/v2\/comments?post=587"}],"version-history":[{"count":8,"href":"https:\/\/lisle-en-commun.fr\/index.php\/wp-json\/wp\/v2\/pages\/587\/revisions"}],"predecessor-version":[{"id":595,"href":"https:\/\/lisle-en-commun.fr\/index.php\/wp-json\/wp\/v2\/pages\/587\/revisions\/595"}],"wp:attachment":[{"href":"https:\/\/lisle-en-commun.fr\/index.php\/wp-json\/wp\/v2\/media?parent=587"}],"curies":[{"name":"wp","href":"https:\/\/api.w.org\/{rel}","templated":true}]}}