{"id":878,"date":"2026-03-13T11:50:14","date_gmt":"2026-03-13T09:50:14","guid":{"rendered":"https:\/\/lisle-en-commun.fr\/?page_id=878"},"modified":"2026-03-13T11:54:00","modified_gmt":"2026-03-13T09:54:00","slug":"discours-de-cloture-de-campagne","status":"publish","type":"page","link":"https:\/\/lisle-en-commun.fr\/index.php\/discours-de-cloture-de-campagne\/","title":{"rendered":"Discours de cl\u00f4ture de campagne"},"content":{"rendered":"\n<div class=\"wp-block-group container\"><div class=\"wp-block-group__inner-container is-layout-constrained wp-block-group-is-layout-constrained\">\n<div class=\"wp-block-group\"><div class=\"wp-block-group__inner-container is-layout-constrained wp-block-group-is-layout-constrained\">\n<p>Bonsoir \u00e0 tous, bonsoir \u00e0 toutes.<\/p>\n\n\n\n<p>Nous sommes ravi\u00b7es de vous rencontrer ce soir. Il ne fait pas bien chaud, mais peu importe, la convivialit\u00e9 va vite r\u00e9chauffer l&rsquo;atmosph\u00e8re. Ce soir, c&rsquo;est notre derni\u00e8re r\u00e9union de campagne. Nous ne savions pas o\u00f9 nous r\u00e9unir dans les hameaux puisque l&rsquo;\u00e9cole de Lapeyi\u00e8re est ferm\u00e9e au public depuis plusieurs ann\u00e9es. Alors d\u00e9j\u00e0, je voudrais remercier la CUMA pour la possibilit\u00e9 qui nous est offerte ce soir de nous rapprocher de vous et de l&rsquo;accueil dans vos locaux.<\/p>\n\n\n\n<p>Avant d&rsquo;aborder avec vous les sujets qui nous semblent importants et notamment le lien avec les Hameaux, l&rsquo;agriculture et les autres points de notre programme dont vous voudrez parler, je voudrais vous raconter quelque chose.<\/p>\n\n\n\n<p>Il y a vingt-cinq ans, j&rsquo;ai choisi Lisle-sur-Tarn pour son art de vivre, sa lumi\u00e8re et sa solidarit\u00e9. Entre 2008 et 2014, certains le savent, j&rsquo;ai eu l&rsquo;honneur de servir notre village en tant qu&rsquo;adjointe aux finances et ensemble, nous avons b\u00e2ti le p\u00f4le des a\u00een\u00e9s, une \u00e9cole, la cantine, la salle multi-sports sans laquelle notre coll\u00e8ge ne serait qu&rsquo;un lointain projet.<\/p>\n<\/div><\/div>\n<\/div><\/div>\n\n\n\n<div class=\"wp-block-group bg-jaune\"><div class=\"wp-block-group__inner-container is-layout-constrained wp-block-group-is-layout-constrained\">\n<div class=\"wp-block-group container texte-bulle\"><div class=\"wp-block-group__inner-container is-layout-constrained wp-block-group-is-layout-constrained\">\n<p>Depuis 12 ans, on vous raconte une histoire. On vous r\u00e9p\u00e8te que nous aurions laiss\u00e9 la commune en faillite. Il est temps aujourd&rsquo;hui de r\u00e9tablir la v\u00e9rit\u00e9 des chiffres.<\/p>\n<\/div><\/div>\n<\/div><\/div>\n\n\n\n<div class=\"wp-block-group container\"><div class=\"wp-block-group__inner-container is-layout-constrained wp-block-group-is-layout-constrained\">\n<div class=\"wp-block-group groupm\"><div class=\"wp-block-group__inner-container is-layout-constrained wp-block-group-is-layout-constrained\">\n<h3 class=\"wp-block-heading\">Engagement pour Lisle-sur-Tarn<\/h3>\n\n\n\n<p>En 2014, quand nous avons transmis les cl\u00e9s de la mairie, il y avait 690 062,73\u20ac sur le compte de fonctionnement. Il n&rsquo;y a jamais eu de faillite. C&rsquo;est nous qui avons redress\u00e9 l&rsquo;\u00e9quilibre budg\u00e9taire de la commune.<\/p>\n\n\n\n<p>\u00c0 c\u00f4t\u00e9, oui, nous avons emprunt\u00e9, mais pour construire l&rsquo;avenir \u00e0 taux fixe, sans jamais c\u00e9der aux sir\u00e8nes des emprunts toxiques qui pi\u00e8gent beaucoup de communes.<\/p>\n\n\n\n<p>Depuis 12 ans, la municipalit\u00e9 vous raconte que la situation de faillite a \u00e9t\u00e9 \u00e9vit\u00e9e gr\u00e2ce \u00e0 une gestion exemplaire. Eh bien moi, je vous dis que madame Lherm n&rsquo;a pas fait de miracle. La dette a diminu\u00e9 parce que la commune avait les moyens de rembourser ces emprunts. Et aussi gr\u00e2ce \u00e0 un petit coup de pouce, il y a eu un transfert de comp\u00e9tences enfance-jeunesse \u00e0 l&rsquo;agglom\u00e9ration.<\/p>\n\n\n\n<p>L\u2019\u00e9quipe municipale aurait pu baisser ses propres taux d&rsquo;imposition sur le foncier pour que les Lislois n&rsquo;aient pas de hausses imp\u00f4ts. Mais vous savez comme c&rsquo;est, ils ont pr\u00e9f\u00e9r\u00e9 rester prudents \u201cles dotations baissent, on ne sait jamais\u201d. Au bout du compte, on vous affiche ne pas avoir augment\u00e9 les imp\u00f4ts, alors que la r\u00e9alit\u00e9, c&rsquo;est que si vous regardez vos avis d&rsquo;imposition, depuis 2014, vos imp\u00f4ts, ils ont quasiment doubl\u00e9.<\/p>\n<\/div><\/div>\n\n\n\n<div class=\"wp-block-group groupm\"><div class=\"wp-block-group__inner-container is-layout-constrained wp-block-group-is-layout-constrained\">\n<h3 class=\"wp-block-heading\">Investir dans l&rsquo;humain<\/h3>\n\n\n\n<p>Au-del\u00e0 des chiffres, moi, c&rsquo;est le climat de notre village qui m&rsquo;inqui\u00e8te. Lisle-sur-Tarn n&rsquo;est pas Chicago, c&rsquo;est une bastide du sud-ouest, un lieu de rencontre. Et pourtant, depuis deux mandats, la r\u00e9ponse \u00e0 chaque difficult\u00e9 est toujours la m\u00eame : fermer, raser, surveiller. On barricade nos lavoirs, on d\u00e9truit l&rsquo;ancienne balance publique qui servait de bo\u00eete \u00e0 livres parce qu&rsquo;un homme sans abri y a cherch\u00e9 refuge. On multiplie les cam\u00e9ras l\u00e0 o\u00f9 il faudrait multiplier les sourires et la pr\u00e9sence humaine.<\/p>\n\n\n\n<p>Gouverner par la peur, c&rsquo;est s&rsquo;isoler. Transformer notre espace public en forteresse, \u00e7a ne va pas r\u00e9gler les incivilit\u00e9s, \u00e7a ne fait que tuer le lien social.<\/p>\n\n\n\n<p>Attention, on ne nie pas les probl\u00e8mes, mais je refuse et nous refusons la parano\u00efa. Les deux millions d&rsquo;euros d&rsquo;exc\u00e9dent ne doivent pas dormir dans un coffre-fort alors qu&rsquo;il y a tant de Lisloises et des Lislois qui souffrent de l&rsquo;isolement.<\/p>\n\n\n\n<p>Aujourd&rsquo;hui, nous nous proposons une autre voie :<\/p>\n\n\n\n<ul class=\"wp-block-list list-link\">\n<li>investir dans l&rsquo;humain ;<\/li>\n\n\n\n<li>utiliser nos marges de man\u0153uvre pour cr\u00e9er des lieux d&rsquo;\u00e9change ;<\/li>\n\n\n\n<li>des lieux de m\u00e9diation et d&rsquo;accompagnement ;<\/li>\n\n\n\n<li>restaurer notre patrimoine ;<\/li>\n\n\n\n<li>rouvrir nos lieux de vie ferm\u00e9s ;<\/li>\n\n\n\n<li>entretenir s\u00e9rieusement notre voirie ;<\/li>\n\n\n\n<li>avant qu&rsquo;il ne soit trop tard et pour la s\u00e9curit\u00e9 des Lislois ;<\/li>\n\n\n\n<li>Remplacer les barri\u00e8res par des ponts ;<\/li>\n\n\n\n<li>accueillir la fragilit\u00e9 avec dignit\u00e9 plut\u00f4t que de la cacher derri\u00e8re des grilles.<\/li>\n<\/ul>\n\n\n\n<p>Lisle-sur-Tarn ne doit plus \u00eatre g\u00e9r\u00e9e comme une entreprise comptable froide, mais comme une maison commune.<\/p>\n<\/div><\/div>\n\n\n\n<div class=\"wp-block-group groupm\"><div class=\"wp-block-group__inner-container is-layout-constrained wp-block-group-is-layout-constrained\">\n<h3 class=\"wp-block-heading\">Une campagne participative<\/h3>\n\n\n\n<p>Depuis le mois de septembre, nous avons organis\u00e9 sept r\u00e9unions participatives o\u00f9 les Lisloises et les Lislois ont \u00e9t\u00e9 accueillis et \u00e9cout\u00e9s.<\/p>\n\n\n\n<p>C\u2019est la fin de campagne, certaines prises de paroles deviennent de plus en plus f\u00e9briles ce qui a parfois le r\u00e9sultat de brouiller les esprits.<\/p>\n\n\n\n<p>On sait que notre liste peut \u00eatre accol\u00e9e \u00e0 diff\u00e9rentes \u00e9tiquettes. Souvent pour faire peur. Les \u00e9tiquettes, \u00e7a r\u00e9duit, \u00e7a caricature ce qui n\u2019est jamais tout noir ou tout blanc et \u00e7a met dos \u00e0 dos.<\/p>\n\n\n\n<p>Or, nous on vient pour poser un stop \u00e0 ce qui alimente les haines. Notre commune est trop remplie de fractures \u00e0 apaiser. On sait que l\u2019on n\u2019est pas d\u2019accord sur tout. Comment l\u2019\u00eatre de mani\u00e8re plus douce ?<\/p>\n\n\n\n<p>Notre mani\u00e8re de faire, c\u2019est de chercher \u00e0 prendre les d\u00e9cisions :<\/p>\n\n\n\n<ul class=\"wp-block-list list-link\">\n<li>qui r\u00e9pondent au plus de besoins possibles ;<\/li>\n\n\n\n<li>qui ont le moins d\u2019impact n\u00e9gatifs possibles ;<\/li>\n\n\n\n<li>qui prennent en compte les ressources r\u00e9ellement disponibles ;<\/li>\n\n\n\n<li>qui permettent de faire exister la commune participative, robuste et solidaire que nous appelons de nos v\u0153ux.<\/li>\n<\/ul>\n\n\n\n<p>Dans cette optique, sur la question du projet de territoire, qui est un sujet sensible, on s&rsquo;engage \u00e0 d\u00e9fendre les propositions qui tiennent compte du besoin en eau pour tous les usages et qui pr\u00e9servent la zone humide du Testet.<\/p>\n\n\n\n<p>Ce qu\u2019on sait, c\u2019est qu\u2019on discutera dans le respect de toutes et tous. Pas d\u2019humiliation, pas d\u2019attaques sur les personnes : des d\u00e9bats sur le fond et du temps pour comprendre d\u2019o\u00f9 tout le monde parle.<\/p>\n\n\n\n<p>Nous voulons faciliter la participation : il faut donc que participer soit agr\u00e9able, source de fiert\u00e9 et de liens. Nous devons apprendre \u00e0 nous \u00e9couter et \u00e0 penser ensemble.<\/p>\n<\/div><\/div>\n<\/div><\/div>\n\n\n\n<div class=\"wp-block-group bg-jaune\"><div class=\"wp-block-group__inner-container is-layout-constrained wp-block-group-is-layout-constrained\">\n<div class=\"wp-block-group container texte-bulle\"><div class=\"wp-block-group__inner-container is-layout-constrained wp-block-group-is-layout-constrained\">\n<p>Lisle en Commun n\u2019est pas qu\u2019un nom de liste, c\u2019est une vision politique, celle de prendre soin ensemble de ce que nous avons en commun, \u00e0 commencer par notre humanit\u00e9.<\/p>\n<\/div><\/div>\n<\/div><\/div>\n","protected":false},"excerpt":{"rendered":"<p>Bonsoir \u00e0 tous, bonsoir \u00e0 toutes. Nous sommes ravi\u00b7es de vous rencontrer ce soir. Il ne fait pas bien chaud, mais peu importe, la convivialit\u00e9 va vite r\u00e9chauffer l&rsquo;atmosph\u00e8re. Ce soir, c&rsquo;est notre derni\u00e8re r\u00e9union de campagne. Nous ne savions pas o\u00f9 nous r\u00e9unir dans les hameaux puisque l&rsquo;\u00e9cole de Lapeyi\u00e8re est ferm\u00e9e au public [&#8230;]<\/p>\n<p><a class=\"btn btn-secondary understrap-read-more-link\" href=\"https:\/\/lisle-en-commun.fr\/index.php\/discours-de-cloture-de-campagne\/\">Lire la suite\u2026<span class=\"screen-reader-text\"> from Discours de cl\u00f4ture de campagne<\/span><\/a><\/p>\n","protected":false},"author":1,"featured_media":0,"parent":0,"menu_order":0,"comment_status":"closed","ping_status":"closed","template":"","meta":{"footnotes":""},"class_list":["post-878","page","type-page","status-publish","hentry"],"yoast_head":"<!-- This site is optimized with the Yoast SEO plugin v26.7 - https:\/\/yoast.com\/wordpress\/plugins\/seo\/ -->\n<title>Discours de cl\u00f4ture de campagne - Lisle en Commun<\/title>\n<meta name=\"description\" content=\"Discours de cl\u00f4ture de campagne du 11 mars 2026 \u00e0 la r\u00e9union publique \u00e0 la CUMA de Lapeyri\u00e8re pour les municipales \u00e0 Lisle-sur-Tarn\" \/>\n<meta name=\"robots\" content=\"index, follow, max-snippet:-1, max-image-preview:large, max-video-preview:-1\" \/>\n<link rel=\"canonical\" href=\"https:\/\/lisle-en-commun.fr\/index.php\/discours-de-cloture-de-campagne\/\" \/>\n<meta property=\"og:locale\" content=\"fr_FR\" \/>\n<meta property=\"og:type\" content=\"article\" \/>\n<meta property=\"og:title\" content=\"Discours de cl\u00f4ture de campagne - Lisle en Commun\" \/>\n<meta property=\"og:description\" content=\"Discours de cl\u00f4ture de campagne du 11 mars 2026 \u00e0 la r\u00e9union publique \u00e0 la CUMA de Lapeyri\u00e8re pour les municipales \u00e0 Lisle-sur-Tarn\" \/>\n<meta property=\"og:url\" content=\"https:\/\/lisle-en-commun.fr\/index.php\/discours-de-cloture-de-campagne\/\" \/>\n<meta property=\"og:site_name\" content=\"Lisle en Commun\" \/>\n<meta property=\"article:modified_time\" content=\"2026-03-13T09:54:00+00:00\" \/>\n<meta name=\"twitter:card\" content=\"summary_large_image\" \/>\n<meta name=\"twitter:label1\" content=\"Dur\u00e9e de lecture estim\u00e9e\" \/>\n\t<meta name=\"twitter:data1\" content=\"5 minutes\" \/>\n<script type=\"application\/ld+json\" class=\"yoast-schema-graph\">{\"@context\":\"https:\/\/schema.org\",\"@graph\":[{\"@type\":\"WebPage\",\"@id\":\"https:\/\/lisle-en-commun.fr\/index.php\/discours-de-cloture-de-campagne\/\",\"url\":\"https:\/\/lisle-en-commun.fr\/index.php\/discours-de-cloture-de-campagne\/\",\"name\":\"Discours de cl\u00f4ture de campagne - Lisle en Commun\",\"isPartOf\":{\"@id\":\"https:\/\/lisle-en-commun.fr\/#website\"},\"datePublished\":\"2026-03-13T09:50:14+00:00\",\"dateModified\":\"2026-03-13T09:54:00+00:00\",\"description\":\"Discours de cl\u00f4ture de campagne du 11 mars 2026 \u00e0 la r\u00e9union publique \u00e0 la CUMA de Lapeyri\u00e8re pour les municipales \u00e0 Lisle-sur-Tarn\",\"breadcrumb\":{\"@id\":\"https:\/\/lisle-en-commun.fr\/index.php\/discours-de-cloture-de-campagne\/#breadcrumb\"},\"inLanguage\":\"fr-FR\",\"potentialAction\":[{\"@type\":\"ReadAction\",\"target\":[\"https:\/\/lisle-en-commun.fr\/index.php\/discours-de-cloture-de-campagne\/\"]}]},{\"@type\":\"BreadcrumbList\",\"@id\":\"https:\/\/lisle-en-commun.fr\/index.php\/discours-de-cloture-de-campagne\/#breadcrumb\",\"itemListElement\":[{\"@type\":\"ListItem\",\"position\":1,\"name\":\"Home\",\"item\":\"https:\/\/lisle-en-commun.fr\/\"},{\"@type\":\"ListItem\",\"position\":2,\"name\":\"Discours de cl\u00f4ture de campagne\"}]},{\"@type\":\"WebSite\",\"@id\":\"https:\/\/lisle-en-commun.fr\/#website\",\"url\":\"https:\/\/lisle-en-commun.fr\/\",\"name\":\"Lisle en Commun\",\"description\":\"\",\"publisher\":{\"@id\":\"https:\/\/lisle-en-commun.fr\/#organization\"},\"potentialAction\":[{\"@type\":\"SearchAction\",\"target\":{\"@type\":\"EntryPoint\",\"urlTemplate\":\"https:\/\/lisle-en-commun.fr\/?s={search_term_string}\"},\"query-input\":{\"@type\":\"PropertyValueSpecification\",\"valueRequired\":true,\"valueName\":\"search_term_string\"}}],\"inLanguage\":\"fr-FR\"},{\"@type\":\"Organization\",\"@id\":\"https:\/\/lisle-en-commun.fr\/#organization\",\"name\":\"Lisle en Commun\",\"url\":\"https:\/\/lisle-en-commun.fr\/\",\"logo\":{\"@type\":\"ImageObject\",\"inLanguage\":\"fr-FR\",\"@id\":\"https:\/\/lisle-en-commun.fr\/#\/schema\/logo\/image\/\",\"url\":\"https:\/\/lisle-en-commun.fr\/wp-content\/uploads\/2025\/09\/logo-lisle-en-commun-1.png\",\"contentUrl\":\"https:\/\/lisle-en-commun.fr\/wp-content\/uploads\/2025\/09\/logo-lisle-en-commun-1.png\",\"width\":800,\"height\":800,\"caption\":\"Lisle en Commun\"},\"image\":{\"@id\":\"https:\/\/lisle-en-commun.fr\/#\/schema\/logo\/image\/\"},\"sameAs\":[\"https:\/\/www.instagram.com\/lisle_en_commun\/\"]}]}<\/script>\n<!-- \/ Yoast SEO plugin. -->","yoast_head_json":{"title":"Discours de cl\u00f4ture de campagne - Lisle en Commun","description":"Discours de cl\u00f4ture de campagne du 11 mars 2026 \u00e0 la r\u00e9union publique \u00e0 la CUMA de Lapeyri\u00e8re pour les municipales \u00e0 Lisle-sur-Tarn","robots":{"index":"index","follow":"follow","max-snippet":"max-snippet:-1","max-image-preview":"max-image-preview:large","max-video-preview":"max-video-preview:-1"},"canonical":"https:\/\/lisle-en-commun.fr\/index.php\/discours-de-cloture-de-campagne\/","og_locale":"fr_FR","og_type":"article","og_title":"Discours de cl\u00f4ture de campagne - Lisle en Commun","og_description":"Discours de cl\u00f4ture de campagne du 11 mars 2026 \u00e0 la r\u00e9union publique \u00e0 la CUMA de Lapeyri\u00e8re pour les municipales \u00e0 Lisle-sur-Tarn","og_url":"https:\/\/lisle-en-commun.fr\/index.php\/discours-de-cloture-de-campagne\/","og_site_name":"Lisle en Commun","article_modified_time":"2026-03-13T09:54:00+00:00","twitter_card":"summary_large_image","twitter_misc":{"Dur\u00e9e de lecture estim\u00e9e":"5 minutes"},"schema":{"@context":"https:\/\/schema.org","@graph":[{"@type":"WebPage","@id":"https:\/\/lisle-en-commun.fr\/index.php\/discours-de-cloture-de-campagne\/","url":"https:\/\/lisle-en-commun.fr\/index.php\/discours-de-cloture-de-campagne\/","name":"Discours de cl\u00f4ture de campagne - Lisle en Commun","isPartOf":{"@id":"https:\/\/lisle-en-commun.fr\/#website"},"datePublished":"2026-03-13T09:50:14+00:00","dateModified":"2026-03-13T09:54:00+00:00","description":"Discours de cl\u00f4ture de campagne du 11 mars 2026 \u00e0 la r\u00e9union publique \u00e0 la CUMA de Lapeyri\u00e8re pour les municipales \u00e0 Lisle-sur-Tarn","breadcrumb":{"@id":"https:\/\/lisle-en-commun.fr\/index.php\/discours-de-cloture-de-campagne\/#breadcrumb"},"inLanguage":"fr-FR","potentialAction":[{"@type":"ReadAction","target":["https:\/\/lisle-en-commun.fr\/index.php\/discours-de-cloture-de-campagne\/"]}]},{"@type":"BreadcrumbList","@id":"https:\/\/lisle-en-commun.fr\/index.php\/discours-de-cloture-de-campagne\/#breadcrumb","itemListElement":[{"@type":"ListItem","position":1,"name":"Home","item":"https:\/\/lisle-en-commun.fr\/"},{"@type":"ListItem","position":2,"name":"Discours de cl\u00f4ture de campagne"}]},{"@type":"WebSite","@id":"https:\/\/lisle-en-commun.fr\/#website","url":"https:\/\/lisle-en-commun.fr\/","name":"Lisle en Commun","description":"","publisher":{"@id":"https:\/\/lisle-en-commun.fr\/#organization"},"potentialAction":[{"@type":"SearchAction","target":{"@type":"EntryPoint","urlTemplate":"https:\/\/lisle-en-commun.fr\/?s={search_term_string}"},"query-input":{"@type":"PropertyValueSpecification","valueRequired":true,"valueName":"search_term_string"}}],"inLanguage":"fr-FR"},{"@type":"Organization","@id":"https:\/\/lisle-en-commun.fr\/#organization","name":"Lisle en Commun","url":"https:\/\/lisle-en-commun.fr\/","logo":{"@type":"ImageObject","inLanguage":"fr-FR","@id":"https:\/\/lisle-en-commun.fr\/#\/schema\/logo\/image\/","url":"https:\/\/lisle-en-commun.fr\/wp-content\/uploads\/2025\/09\/logo-lisle-en-commun-1.png","contentUrl":"https:\/\/lisle-en-commun.fr\/wp-content\/uploads\/2025\/09\/logo-lisle-en-commun-1.png","width":800,"height":800,"caption":"Lisle en Commun"},"image":{"@id":"https:\/\/lisle-en-commun.fr\/#\/schema\/logo\/image\/"},"sameAs":["https:\/\/www.instagram.com\/lisle_en_commun\/"]}]}},"_links":{"self":[{"href":"https:\/\/lisle-en-commun.fr\/index.php\/wp-json\/wp\/v2\/pages\/878","targetHints":{"allow":["GET"]}}],"collection":[{"href":"https:\/\/lisle-en-commun.fr\/index.php\/wp-json\/wp\/v2\/pages"}],"about":[{"href":"https:\/\/lisle-en-commun.fr\/index.php\/wp-json\/wp\/v2\/types\/page"}],"author":[{"embeddable":true,"href":"https:\/\/lisle-en-commun.fr\/index.php\/wp-json\/wp\/v2\/users\/1"}],"replies":[{"embeddable":true,"href":"https:\/\/lisle-en-commun.fr\/index.php\/wp-json\/wp\/v2\/comments?post=878"}],"version-history":[{"count":9,"href":"https:\/\/lisle-en-commun.fr\/index.php\/wp-json\/wp\/v2\/pages\/878\/revisions"}],"predecessor-version":[{"id":891,"href":"https:\/\/lisle-en-commun.fr\/index.php\/wp-json\/wp\/v2\/pages\/878\/revisions\/891"}],"wp:attachment":[{"href":"https:\/\/lisle-en-commun.fr\/index.php\/wp-json\/wp\/v2\/media?parent=878"}],"curies":[{"name":"wp","href":"https:\/\/api.w.org\/{rel}","templated":true}]}}